{"id":8719,"date":"2024-06-06T09:31:26","date_gmt":"2024-06-06T09:31:26","guid":{"rendered":"https:\/\/wnp-law.com\/?page_id=8719"},"modified":"2024-10-09T11:38:20","modified_gmt":"2024-10-09T11:38:20","slug":"impressum","status":"publish","type":"page","link":"https:\/\/wnp-law.com\/en\/impressum\/","title":{"rendered":"Impressum"},"content":{"rendered":"<div data-elementor-type=\"wp-page\" data-elementor-id=\"8719\" class=\"elementor elementor-8719\" data-elementor-post-type=\"page\">\n\t\t\t\t\t\t\t\t\t<div class=\"wavo-column-gap-default elementor-section elementor-top-section elementor-element elementor-element-291ef67 elementor-section-stretched elementor-section-content-middle nt-section section-padding elementor-section-full_width elementor-section-height-default elementor-section-height-default\" data-id=\"291ef67\" data-element_type=\"section\" data-settings=\"{&quot;stretch_section&quot;:&quot;section-stretched&quot;,&quot;background_background&quot;:&quot;classic&quot;}\">\n\t\t\t\t\t\t\t<div class=\"elementor-background-overlay\"><\/div>\n\t\t\t\t\t\t\t<div class=\"elementor-container elementor-column-gap-default\">\n\t\t\t\t\t<div class=\"elementor-column elementor-col-100 elementor-top-column elementor-element elementor-element-f24c169\" data-id=\"f24c169\" data-element_type=\"column\">\n\t\t\t<div class=\"elementor-widget-wrap elementor-element-populated\">\n\t\t\t\t\t\t\t\t<section class=\"wavo-column-gap-default elementor-section elementor-inner-section elementor-element elementor-element-2a5241d elementor-section-boxed elementor-section-height-default elementor-section-height-default\" data-id=\"2a5241d\" data-element_type=\"section\">\n\t\t\t\t\t\t<div class=\"elementor-container elementor-column-gap-default\">\n\t\t\t\t\t<div class=\"elementor-column elementor-col-100 elementor-inner-column elementor-element elementor-element-11f9012\" data-id=\"11f9012\" data-element_type=\"column\">\n\t\t\t<div class=\"elementor-widget-wrap elementor-element-populated\">\n\t\t\t\t\t\t\t\t<div data-split-settings=\"{&quot;type&quot;:&quot;chars&quot;,&quot;animation&quot;:&quot;bounceInRight2&quot;}\" class=\"elementor-element elementor-element-4b9adfc wavo-headig-split heading-has-split-yes elementor-widget__width-initial wavo-transform transform-type-translate elementor-widget elementor-widget-heading\" data-id=\"4b9adfc\" data-element_type=\"widget\" data-widget_type=\"heading.default\">\n\t\t\t\t<div class=\"elementor-widget-container\">\n\t\t\t<style>\/*! elementor - v3.18.0 - 20-12-2023 *\/\n.elementor-heading-title{padding:0;margin:0;line-height:1}.elementor-widget-heading .elementor-heading-title[class*=elementor-size-]>a{color:inherit;font-size:inherit;line-height:inherit}.elementor-widget-heading .elementor-heading-title.elementor-size-small{font-size:15px}.elementor-widget-heading .elementor-heading-title.elementor-size-medium{font-size:19px}.elementor-widget-heading .elementor-heading-title.elementor-size-large{font-size:29px}.elementor-widget-heading .elementor-heading-title.elementor-size-xl{font-size:39px}.elementor-widget-heading .elementor-heading-title.elementor-size-xxl{font-size:59px}<\/style><h1 class=\"elementor-heading-title elementor-size-default\">Impressum<\/h1>\t\t<\/div>\n\t\t\t\t<\/div>\n\t\t\t\t<div class=\"elementor-element elementor-element-97ff631 elementor-widget elementor-widget-text-editor\" data-id=\"97ff631\" data-element_type=\"widget\" data-widget_type=\"text-editor.default\">\n\t\t\t\t<div class=\"elementor-widget-container\">\n\t\t\t<style>\/*! elementor - v3.18.0 - 20-12-2023 *\/\n.elementor-widget-text-editor.elementor-drop-cap-view-stacked .elementor-drop-cap{background-color:#69727d;color:#fff}.elementor-widget-text-editor.elementor-drop-cap-view-framed .elementor-drop-cap{color:#69727d;border:3px solid;background-color:transparent}.elementor-widget-text-editor:not(.elementor-drop-cap-view-default) .elementor-drop-cap{margin-top:8px}.elementor-widget-text-editor:not(.elementor-drop-cap-view-default) .elementor-drop-cap-letter{width:1em;height:1em}.elementor-widget-text-editor .elementor-drop-cap{float:left;text-align:center;line-height:1;font-size:50px}.elementor-widget-text-editor .elementor-drop-cap-letter{display:inline-block}<\/style>\t\t\t\t<p>WNP Witzel Niesse PartGmbB Rechtsanw\u00e4lte Steuerberater<br \/>Arndtstra\u00dfe 31<br \/>60325 Frankfurt am Main<br \/>T. +49 -69-348742310<br \/>F. +49 -69-348742319<br \/>www.wnp-law.com<br \/><a href=\"mailto:info@wnp-law.com\">info@wnp-law.com<\/a><\/p><p>Sitz der Gesellschaft: Frankfurt am Main<br \/>Umsatzsteuer-IdNr.: DE 295884260<\/p>\t\t\t\t\t\t<\/div>\n\t\t\t\t<\/div>\n\t\t\t\t<div class=\"elementor-element elementor-element-7cc01cc elementor-widget elementor-widget-text-editor\" data-id=\"7cc01cc\" data-element_type=\"widget\" data-widget_type=\"text-editor.default\">\n\t\t\t\t<div class=\"elementor-widget-container\">\n\t\t\t\t\t\t\t<div class=\"agency\"><div class=\"content\"><p>Unsere Gesellschaft ist eine Partnerschaft mit beschr\u00e4nkter Berufshaftung nach Ma\u00dfgabe des Partnerschaftsgesetzes, eingetragen im Partnerschaftsregister des Amtsgerichtes Frankfurt am Main unter der Nummer PR 2251.<\/p><p>Partner im Sinne des Gesetzes \u00fcber Partnerschaftsgesellschaften (PartGG) sind: \u2013 Dr. David Witzel \u2013 Dr. Susanne Niesse.<br \/>Die als Rechtsanw\u00e4lte bestellten Partner und Mitarbeiter von WNP Witzel Niesse PartGmbB Rechtsanw\u00e4lte Steuerberater sind nach dem Recht der Bundesrepublik Deutschland zugelassen und Mitglieder der Rechtsanwaltskammer Frankfurt am Main, Bockenheimer Anlage 36, 60322 Frankfurt am Main, die als Aufsichtsbeh\u00f6rde f\u00fcr sie zust\u00e4ndig ist. Der Berufsstand der Rechtsanw\u00e4lte unterliegt im Wesentlichen den nachfolgend genannten berufsrechtlichen Regelungen, deren jeweils aktuelle Fassung auf der Homepage der Bundesrechtsanwaltskammer (<a href=\"http:\/\/www.brak.de\" target=\"_blank\" rel=\"noopener\">www.brak.de<\/a>) einsehbar ist:<\/p><ul><li>Bundesrechtsanwaltsordnung (BRAO)<\/li><li>Berufsordnung f\u00fcr Rechtsanw\u00e4lte (BORA)<\/li><li>Rechtsanwaltsverg\u00fctungsgesetzt (RVG)<\/li><li>Fachanwaltsordnung (FAO)<\/li><li>Berufsregeln der Rechtsanw\u00e4lte der Europ\u00e4ischen Gemeinschaft (CCBE)<\/li><\/ul><p>\u00a0<\/p><p>Bei Streitigkeiten zwischen Rechtsanw\u00e4lten und ihren Auftraggebern besteht auf Antrag die M\u00f6glichkeit der au\u00dfergerichtlichen Streitschlichtung bei der Schlichtungsstelle der Rechtsanwaltschaft bei der Bundesrechtsanwaltskammer, im Internet zu finden \u00fcber die Homepage der Bundesrechtsanwaltskammer (<a href=\"https:\/\/www.brak.de\" target=\"_blank\" rel=\"noopener\">www.brak.de<\/a>, <a href=\"mailto:schlichtungsstelle@brak.de\">schlichtungsstelle@brak.de<\/a>). Die als Steuerberater bestellten Partner und Mitarbeiter von WNP Witzel Niesse PartGmbB Rechtsanw\u00e4lte Steuerberater sind bei folgender Steuerberaterkammer zugelassen: Steuerberaterkammer Hessen, Bleichstra\u00dfe 1, 60313 Frankfurt am Main, die als Aufsichtsbeh\u00f6rde f\u00fcr sie zust\u00e4ndig ist. Der Berufsstand der Steuerberater unterliegt im Wesentlichen den nachfolgend genannten berufsrechtlichen Regelungen, deren jeweils aktuelle Fassung auf der Homepage der Bundessteuerberaterkammer (<a href=\"http:\/\/www.bstbk.de\" target=\"_blank\" rel=\"noopener\">http:\/\/www.bstbk.de<\/a>) einsehbar ist:<\/p><ul><li>Steuerberatungsgesetz (StBerG)<\/li><li>Durchf\u00fchrungsverordnung zum Steuerberatungsgesetz (DVStB)<\/li><li>Berufsordnung f\u00fcr Steuerberater (BOStB)<\/li><li>Steuerberatergeb\u00fchrenverordnung (StBGebV).<\/li><\/ul><p>\u00a0<\/p><p>Bei Streitigkeiten zwischen Steuerberatern und ihren Auftraggebern besteht auf Antrag die M\u00f6glichkeit der au\u00dfergerichtlichen Streitschlichtung bei der Steuerberaterkammer Hessen, im Internet zu finden \u00fcber die Homepage der Steuerberaterkammer (<a href=\"http:\/\/www.stbk-hessen.de\" target=\"_blank\" rel=\"noopener\">www.stbk-hessen.de<\/a>, <a href=\"mailto:geschaeftsstelle@stbk-hessen.de\">geschaeftsstelle@stbk-hessen.de<\/a>).<\/p><p>Berufshaftpflichtversicherung der Rechtsanw\u00e4lte und Steuerberater besteht bei der: HDI Versicherung AG, HDI Platz 1, 34659 Hannover. R\u00e4umlicher Geltungsbereich: im europ\u00e4ischen Ausland, der T\u00fcrkei, die Staaten auf dem Gebiet der ehemaligen Sowjetunion einschlie\u00dflich Litauen, Lettland und Estland.<\/p><p>\u00a0<\/p><p>Dr. Susanne Niesse ist Notarin mit Amtssitz in Frankfurt am Main und geh\u00f6rt der Notarkammer Frankfurt am Main an. Ihr wurde das Recht, die Berufsbezeichnung \u201eNotarin\u201c zu f\u00fchren, in der Bundesrepublik Deutschland verliehen. Kontaktdaten der zust\u00e4ndigen Notarkammer Frankfurt am Main: Notarkammer Frankfurt am Main, Bockenheimer Anlage 36, 60322 Frankfurt am Main. Aufsichtsbeh\u00f6rden sind:<\/p><ul><li>Pr\u00e4sident des Landgerichts Frankfurt am Main, Landgericht Frankfurt am Main, Gerichtsstra\u00dfe 2, 60313 Frankfurt am Main<\/li><li>Pr\u00e4sident des Oberlandesgerichts Frankfurt am Main Oberlandesgericht Frankfurt am Main, Zeil 42, 60313 Frankfurt am Main<\/li><li>Landesjustizverwaltung des Landes Hessen, Hessisches Ministerium der Justiz, Luisenstra\u00dfe 13, 65185 Wiesbaden<\/li><\/ul><p>\u00a0<\/p><p>Die f\u00fcr die Notare ma\u00dfgeblichen berufsrechtlichen Regelungen (insb. die Bundesnotarordnung, das Beurkundungsgesetz, die Dienstordnung f\u00fcr Notarinnen und Notare, das Gerichts- und Notarkostengesetz, die Richtlinien der Notarkammer Frankfurt am Main und die Europ\u00e4ischen Standesrichtlinien) finden sich unter <a href=\"http:\/\/www.bnotk.de\" target=\"_blank\" rel=\"noopener\">www.bnotk.de<\/a> in der Rubrik \u201eDer Notar \/ Berufsrecht\u201c. Berufshaftpflichtversicherung der Notarin besteht bei der HDI Versicherung AG, HDI Platz 1, 34659 Hannover.<\/p><\/div><\/div>\t\t\t\t\t\t<\/div>\n\t\t\t\t<\/div>\n\t\t\t\t\t<\/div>\n\t\t<\/div>\n\t\t\t\t\t\t\t<\/div>\n\t\t<\/section>\n\t\t\t\t\t<\/div>\n\t\t<\/div>\n\t\t\t\t\t\t\t<\/div>\n\t\t<\/div>\n\t\t\t\t<div class=\"wavo-column-gap-default elementor-section elementor-top-section elementor-element elementor-element-241ac7c3 elementor-section-stretched elementor-section-content-middle nt-section section-padding elementor-section-height-min-height elementor-section-boxed elementor-section-height-default elementor-section-items-middle\" data-id=\"241ac7c3\" data-element_type=\"section\" data-settings=\"{&quot;stretch_section&quot;:&quot;section-stretched&quot;,&quot;background_background&quot;:&quot;classic&quot;}\">\n\t\t\t\t\t\t\t<div class=\"elementor-background-overlay\"><\/div>\n\t\t\t\t\t\t\t<div class=\"elementor-container elementor-column-gap-default\">\n\t\t\t\t\t<div class=\"elementor-column elementor-col-100 elementor-top-column elementor-element elementor-element-4d5b58c6\" data-id=\"4d5b58c6\" data-element_type=\"column\">\n\t\t\t<div class=\"elementor-widget-wrap elementor-element-populated\">\n\t\t\t\t\t\t\t\t<div data-split-settings=\"{&quot;type&quot;:&quot;chars&quot;,&quot;animation&quot;:&quot;fadeInUp2&quot;}\" class=\"elementor-element elementor-element-59b5db5 wavo-stroke wavo-has-stroke-yes wavo-has-stroke-type stroke-type-part wavo-headig-split heading-has-split-yes wavo-transform transform-type-translate elementor-widget elementor-widget-heading\" data-id=\"59b5db5\" data-element_type=\"widget\" data-widget_type=\"heading.default\">\n\t\t\t\t<div class=\"elementor-widget-container\">\n\t\t\t<h2 class=\"elementor-heading-title elementor-size-default\"><b>Contact<\/b> us!<b><\/b><\/h2>\t\t<\/div>\n\t\t\t\t<\/div>\n\t\t\t\t<div class=\"elementor-element elementor-element-bbee374 elementor-widget elementor-widget-wavo-button\" data-id=\"bbee374\" data-element_type=\"widget\" data-widget_type=\"wavo-button.default\">\n\t\t\t\t<div class=\"elementor-widget-container\">\n\t\t\t<div class=\"wavo-button\"><a class=\"wavo-btn btn-curve btn-wit\" href=\"mailto:info@wnp-law.com\"><span class=\"button_text\">Email <\/span><\/a><\/div>\t\t<\/div>\n\t\t\t\t<\/div>\n\t\t\t\t\t<\/div>\n\t\t<\/div>\n\t\t\t\t\t\t\t<\/div>\n\t\t<\/div>\n\t\t\t\t\t\t\t<\/div>","protected":false},"excerpt":{"rendered":"<p>Impressum WNP Witzel Niesse PartGmbB Rechtsanw\u00e4lte SteuerberaterArndtstra\u00dfe 3160325 Frankfurt am MainT. +49 -69-348742310F. +49 -69-348742319www.wnp-law.cominfo@wnp-law.com Sitz der Gesellschaft: Frankfurt am MainUmsatzsteuer-IdNr.: DE 295884260 Unsere Gesellschaft ist eine Partnerschaft mit beschr\u00e4nkter Berufshaftung nach Ma\u00dfgabe des Partnerschaftsgesetzes, eingetragen im Partnerschaftsregister des Amtsgerichtes Frankfurt am Main unter der Nummer PR 2251. Partner im Sinne des Gesetzes \u00fcber Partnerschaftsgesellschaften&#8230;<\/p>","protected":false},"author":3,"featured_media":0,"parent":0,"menu_order":0,"comment_status":"closed","ping_status":"closed","template":"","meta":{"footnotes":""},"class_list":{"0":"post-8719","1":"page","2":"type-page","3":"status-publish","4":"hentry","5":"nt-post-class","6":"","7":"thumb-none","9":"excerpt-none"},"_links":{"self":[{"href":"https:\/\/wnp-law.com\/en\/wp-json\/wp\/v2\/pages\/8719","targetHints":{"allow":["GET"]}}],"collection":[{"href":"https:\/\/wnp-law.com\/en\/wp-json\/wp\/v2\/pages"}],"about":[{"href":"https:\/\/wnp-law.com\/en\/wp-json\/wp\/v2\/types\/page"}],"author":[{"embeddable":true,"href":"https:\/\/wnp-law.com\/en\/wp-json\/wp\/v2\/users\/3"}],"replies":[{"embeddable":true,"href":"https:\/\/wnp-law.com\/en\/wp-json\/wp\/v2\/comments?post=8719"}],"version-history":[{"count":103,"href":"https:\/\/wnp-law.com\/en\/wp-json\/wp\/v2\/pages\/8719\/revisions"}],"predecessor-version":[{"id":12091,"href":"https:\/\/wnp-law.com\/en\/wp-json\/wp\/v2\/pages\/8719\/revisions\/12091"}],"wp:attachment":[{"href":"https:\/\/wnp-law.com\/en\/wp-json\/wp\/v2\/media?parent=8719"}],"curies":[{"name":"wp","href":"https:\/\/api.w.org\/{rel}","templated":true}]}}