{"id":7489,"date":"2024-01-26T09:40:46","date_gmt":"2024-01-26T09:40:46","guid":{"rendered":"https:\/\/wnp-law.com\/?page_id=7489"},"modified":"2025-04-29T15:11:15","modified_gmt":"2025-04-29T14:11:15","slug":"karriere","status":"publish","type":"page","link":"https:\/\/wnp-law.com\/en\/karriere\/","title":{"rendered":"Careers"},"content":{"rendered":"<div data-elementor-type=\"wp-page\" data-elementor-id=\"7489\" class=\"elementor elementor-7489\" data-elementor-post-type=\"page\">\n\t\t\t\t\t\t\t\t\t<div class=\"wavo-column-gap-default elementor-section elementor-top-section elementor-element elementor-element-291ef67 elementor-section-stretched elementor-section-content-middle nt-section section-padding elementor-section-full_width elementor-section-height-default elementor-section-height-default\" data-id=\"291ef67\" data-element_type=\"section\" data-settings=\"{&quot;stretch_section&quot;:&quot;section-stretched&quot;,&quot;background_background&quot;:&quot;classic&quot;}\">\n\t\t\t\t\t\t\t<div class=\"elementor-background-overlay\"><\/div>\n\t\t\t\t\t\t\t<div class=\"elementor-container elementor-column-gap-default\">\n\t\t\t\t\t<div class=\"elementor-column elementor-col-100 elementor-top-column elementor-element elementor-element-f24c169\" data-id=\"f24c169\" data-element_type=\"column\">\n\t\t\t<div class=\"elementor-widget-wrap elementor-element-populated\">\n\t\t\t\t\t\t\t\t<section class=\"wavo-column-gap-default elementor-section elementor-inner-section elementor-element elementor-element-2a5241d elementor-section-boxed elementor-section-height-default elementor-section-height-default\" data-id=\"2a5241d\" data-element_type=\"section\">\n\t\t\t\t\t\t<div class=\"elementor-container elementor-column-gap-default\">\n\t\t\t\t\t<div class=\"elementor-column elementor-col-50 elementor-inner-column elementor-element elementor-element-11f9012\" data-id=\"11f9012\" data-element_type=\"column\">\n\t\t\t<div class=\"elementor-widget-wrap elementor-element-populated\">\n\t\t\t\t\t\t\t\t<div class=\"elementor-element elementor-element-4b9adfc elementor-widget__width-initial wavo-transform transform-type-translate elementor-widget elementor-widget-heading\" data-id=\"4b9adfc\" data-element_type=\"widget\" data-settings=\"{&quot;_animation&quot;:&quot;none&quot;}\" data-widget_type=\"heading.default\">\n\t\t\t\t<div class=\"elementor-widget-container\">\n\t\t\t<style>\/*! elementor - v3.18.0 - 20-12-2023 *\/\n.elementor-heading-title{padding:0;margin:0;line-height:1}.elementor-widget-heading .elementor-heading-title[class*=elementor-size-]>a{color:inherit;font-size:inherit;line-height:inherit}.elementor-widget-heading .elementor-heading-title.elementor-size-small{font-size:15px}.elementor-widget-heading .elementor-heading-title.elementor-size-medium{font-size:19px}.elementor-widget-heading .elementor-heading-title.elementor-size-large{font-size:29px}.elementor-widget-heading .elementor-heading-title.elementor-size-xl{font-size:39px}.elementor-widget-heading .elementor-heading-title.elementor-size-xxl{font-size:59px}<\/style><h1 class=\"elementor-heading-title elementor-size-default\">Become part of our team!<\/h1>\t\t<\/div>\n\t\t\t\t<\/div>\n\t\t\t\t<div class=\"elementor-element elementor-element-2f56961 wavo-transform transform-type-translate elementor-widget elementor-widget-heading\" data-id=\"2f56961\" data-element_type=\"widget\" data-widget_type=\"heading.default\">\n\t\t\t\t<div class=\"elementor-widget-container\">\n\t\t\t<p class=\"elementor-heading-title elementor-size-default\">We offer companies and their shareholders comprehensive and highly qualified advice, taking into account the personal circumstances and wishes of our clients on the one hand and our level of quality and international network on the other, which is comparable to that of large law firms. We achieve this by employing highly qualified staff and providing long-term client support. \n<\/p>\t\t<\/div>\n\t\t\t\t<\/div>\n\t\t\t\t<div class=\"elementor-element elementor-element-14c114c wavo-transform transform-type-translate elementor-widget elementor-widget-heading\" data-id=\"14c114c\" data-element_type=\"widget\" data-widget_type=\"heading.default\">\n\t\t\t\t<div class=\"elementor-widget-container\">\n\t\t\t<p class=\"elementor-heading-title elementor-size-default\">JOB OPPORTUNITIES<\/p>\t\t<\/div>\n\t\t\t\t<\/div>\n\t\t\t\t<div class=\"elementor-element elementor-element-74a7c67 elementor-widget elementor-widget-text-editor\" data-id=\"74a7c67\" data-element_type=\"widget\" data-widget_type=\"text-editor.default\">\n\t\t\t\t<div class=\"elementor-widget-container\">\n\t\t\t<style>\/*! elementor - v3.18.0 - 20-12-2023 *\/\n.elementor-widget-text-editor.elementor-drop-cap-view-stacked .elementor-drop-cap{background-color:#69727d;color:#fff}.elementor-widget-text-editor.elementor-drop-cap-view-framed .elementor-drop-cap{color:#69727d;border:3px solid;background-color:transparent}.elementor-widget-text-editor:not(.elementor-drop-cap-view-default) .elementor-drop-cap{margin-top:8px}.elementor-widget-text-editor:not(.elementor-drop-cap-view-default) .elementor-drop-cap-letter{width:1em;height:1em}.elementor-widget-text-editor .elementor-drop-cap{float:left;text-align:center;line-height:1;font-size:50px}.elementor-widget-text-editor .elementor-drop-cap-letter{display:inline-block}<\/style>\t\t\t\t<div class=\"agency\"><div class=\"content\"><ul><li class=\"wow fadeInUp\" data-wow-delay=\".2s\"><a href=\"https:\/\/wnp-law.com\/wp-content\/uploads\/2025\/04\/241001_-Anzeige_Steuerberater.pdf\" target=\"_blank\" rel=\"noopener\">Steuerberater (m\/w\/d)<\/a><\/li><li class=\"wow fadeInUp\" data-wow-delay=\".4s\"><a href=\"https:\/\/wnp-law.com\/wp-content\/uploads\/2024\/10\/241001_-Anzeige_Steuerfachangestellte.pdf\" target=\"_blank\" rel=\"noopener\">Steuerfachangestellter \/ Steuerfachwirt\u00a0 \/ Bilanzbuchhalter (m\/w\/d)<\/a><\/li><li data-wow-delay=\".4s\"><a href=\"https:\/\/wnp-law.com\/wp-content\/uploads\/2024\/10\/241001_-Anzeige_Werktudent.pdf\" target=\"_blank\" rel=\"noopener\">Studentische Hilfskraft (m\/w\/d)<\/a><\/li><li data-wow-delay=\".4s\"><a href=\"#\">Notarfachangestellter (m\/w\/d)<\/a><\/li><\/ul><\/div><\/div>\t\t\t\t\t\t<\/div>\n\t\t\t\t<\/div>\n\t\t\t\t<div class=\"elementor-element elementor-element-5783dc4 elementor-widget elementor-widget-wavo-button\" data-id=\"5783dc4\" data-element_type=\"widget\" data-widget_type=\"wavo-button.default\">\n\t\t\t\t<div class=\"elementor-widget-container\">\n\t\t\t<div class=\"wavo-button\"><a class=\"wavo-btn btn-curve\" href=\"mailto:recruiting@wnp-law.com\" target=\"_blank\"><span class=\"button_text\">Get in touch with us! <\/span><\/a><\/div>\t\t<\/div>\n\t\t\t\t<\/div>\n\t\t\t\t\t<\/div>\n\t\t<\/div>\n\t\t\t\t<div class=\"elementor-column elementor-col-50 elementor-inner-column elementor-element elementor-element-41b1688\" data-id=\"41b1688\" data-element_type=\"column\">\n\t\t\t<div class=\"elementor-widget-wrap elementor-element-populated\">\n\t\t\t\t\t\t\t\t<div class=\"elementor-element elementor-element-c60be95 elementor-widget elementor-widget-wavo-about-two-images\" data-id=\"c60be95\" data-element_type=\"widget\" data-widget_type=\"wavo-about-two-images.default\">\n\t\t\t\t<div class=\"elementor-widget-container\">\n\t\t\t<div class=\"agency\"><div class=\"img\"><div class=\"imgone\" data-wow-delay=\".3s\"><img decoding=\"async\" class=\"thumparallax\" src=\"https:\/\/wnp-law.com\/wp-content\/uploads\/elementor\/thumbs\/Witzel_Niesse_Team4-qomkgueqcnlkr4kf0d6e4t2uyjr3aitxhkzeirjh7a.jpg\" alt=\"Witzel_Niesse_Team4.jpg\"\/><\/div><div class=\"imgtwo\" data-wow-delay=\".2s\"><img decoding=\"async\" class=\"thumparallax-down\" src=\"https:\/\/wnp-law.com\/wp-content\/uploads\/elementor\/thumbs\/Witzel_Niesse_Karriere-scaled-2-qvcj2xc7hntkjaalg7nbxrhznja9frkg6pn8kkbqj8.jpg\" alt=\"Witzel_Niesse_Team4.jpg\"\/><\/div><\/div><\/div>\t\t<\/div>\n\t\t\t\t<\/div>\n\t\t\t\t\t<\/div>\n\t\t<\/div>\n\t\t\t\t\t\t\t<\/div>\n\t\t<\/section>\n\t\t\t\t\t<\/div>\n\t\t<\/div>\n\t\t\t\t\t\t\t<\/div>\n\t\t<\/div>\n\t\t\t\t<div class=\"wavo-column-gap-default elementor-section elementor-top-section elementor-element elementor-element-42380bc6 elementor-section-stretched elementor-section-content-middle nt-section section-padding elementor-section-height-min-height elementor-section-boxed elementor-section-height-default elementor-section-items-middle\" data-id=\"42380bc6\" data-element_type=\"section\" data-settings=\"{&quot;stretch_section&quot;:&quot;section-stretched&quot;,&quot;background_background&quot;:&quot;classic&quot;}\">\n\t\t\t\t\t\t\t<div class=\"elementor-background-overlay\"><\/div>\n\t\t\t\t\t\t\t<div class=\"elementor-container elementor-column-gap-default\">\n\t\t\t\t\t<div class=\"elementor-column elementor-col-100 elementor-top-column elementor-element elementor-element-79e13129\" data-id=\"79e13129\" data-element_type=\"column\">\n\t\t\t<div class=\"elementor-widget-wrap elementor-element-populated\">\n\t\t\t\t\t\t\t\t<div data-split-settings=\"{&quot;type&quot;:&quot;chars&quot;,&quot;animation&quot;:&quot;fadeInUp2&quot;}\" class=\"elementor-element elementor-element-7431bf95 wavo-stroke wavo-has-stroke-yes wavo-has-stroke-type stroke-type-part wavo-headig-split heading-has-split-yes wavo-transform transform-type-translate elementor-widget elementor-widget-heading\" data-id=\"7431bf95\" data-element_type=\"widget\" data-widget_type=\"heading.default\">\n\t\t\t\t<div class=\"elementor-widget-container\">\n\t\t\t<h2 class=\"elementor-heading-title elementor-size-default\"><b>Contact<\/b> us!<b><\/b><\/h2>\t\t<\/div>\n\t\t\t\t<\/div>\n\t\t\t\t<div class=\"elementor-element elementor-element-692d57f3 elementor-widget elementor-widget-wavo-button\" data-id=\"692d57f3\" data-element_type=\"widget\" data-widget_type=\"wavo-button.default\">\n\t\t\t\t<div class=\"elementor-widget-container\">\n\t\t\t<div class=\"wavo-button\"><a class=\"wavo-btn btn-curve btn-wit\" href=\"mailto:info@wnp-law.com\"><span class=\"button_text\">Email <\/span><\/a><\/div>\t\t<\/div>\n\t\t\t\t<\/div>\n\t\t\t\t\t<\/div>\n\t\t<\/div>\n\t\t\t\t\t\t\t<\/div>\n\t\t<\/div>\n\t\t\t\t\t\t\t<\/div>","protected":false},"excerpt":{"rendered":"<p>Werden Sie Teil unseres Teams! Den Unternehmen und ihren Gesellschaftern bieten wir eine umfassende und hochqualifizierte Beratung, bei der einerseits die pers\u00f6nlichen Umst\u00e4nde und W\u00fcnsche unserer Mandanten ber\u00fccksichtigt werden und andererseits unser Qualit\u00e4tsniveau und unsere internationale Vernetzung mit Gro\u00dfkanzleien vergleichbar ist. Dies erreichen wir durch mehrfachqualifizierte Mitarbeiter und einer auf langfristige Zusammenarbeit ausgerichteten Mandatsbetreuung. Aktuelle&#8230;<\/p>","protected":false},"author":3,"featured_media":0,"parent":0,"menu_order":0,"comment_status":"closed","ping_status":"closed","template":"","meta":{"footnotes":""},"class_list":{"0":"post-7489","1":"page","2":"type-page","3":"status-publish","4":"hentry","5":"nt-post-class","6":"","7":"thumb-none","9":"excerpt-none"},"_links":{"self":[{"href":"https:\/\/wnp-law.com\/en\/wp-json\/wp\/v2\/pages\/7489","targetHints":{"allow":["GET"]}}],"collection":[{"href":"https:\/\/wnp-law.com\/en\/wp-json\/wp\/v2\/pages"}],"about":[{"href":"https:\/\/wnp-law.com\/en\/wp-json\/wp\/v2\/types\/page"}],"author":[{"embeddable":true,"href":"https:\/\/wnp-law.com\/en\/wp-json\/wp\/v2\/users\/3"}],"replies":[{"embeddable":true,"href":"https:\/\/wnp-law.com\/en\/wp-json\/wp\/v2\/comments?post=7489"}],"version-history":[{"count":130,"href":"https:\/\/wnp-law.com\/en\/wp-json\/wp\/v2\/pages\/7489\/revisions"}],"predecessor-version":[{"id":12517,"href":"https:\/\/wnp-law.com\/en\/wp-json\/wp\/v2\/pages\/7489\/revisions\/12517"}],"wp:attachment":[{"href":"https:\/\/wnp-law.com\/en\/wp-json\/wp\/v2\/media?parent=7489"}],"curies":[{"name":"wp","href":"https:\/\/api.w.org\/{rel}","templated":true}]}}