{"id":7144,"date":"2024-01-22T13:31:26","date_gmt":"2024-01-22T13:31:26","guid":{"rendered":"https:\/\/wnp-law.com\/?page_id=7144"},"modified":"2024-05-24T08:00:39","modified_gmt":"2024-05-24T08:00:39","slug":"selbstanzeige-steuerstrafrecht","status":"publish","type":"page","link":"https:\/\/wnp-law.com\/en\/home\/selbstanzeige-steuerstrafrecht\/","title":{"rendered":"Selbstanzeige-Steuerstrafrecht"},"content":{"rendered":"<div data-elementor-type=\"wp-page\" data-elementor-id=\"7144\" class=\"elementor elementor-7144\" data-elementor-post-type=\"page\">\n\t\t\t\t\t\t\t\t\t<div class=\"wavo-column-gap-default elementor-section elementor-top-section elementor-element elementor-element-f58b01f elementor-section-stretched elementor-section-content-middle nt-section section-padding elementor-section-boxed elementor-section-height-default elementor-section-height-default\" data-id=\"f58b01f\" data-element_type=\"section\" data-settings=\"{&quot;stretch_section&quot;:&quot;section-stretched&quot;,&quot;background_background&quot;:&quot;classic&quot;}\">\n\t\t\t\t\t\t\t<div class=\"elementor-background-overlay\"><\/div>\n\t\t\t\t\t\t\t<div class=\"elementor-container elementor-column-gap-default\">\n\t\t\t\t\t<div class=\"elementor-column elementor-col-50 elementor-top-column elementor-element elementor-element-e742b7d\" data-id=\"e742b7d\" data-element_type=\"column\">\n\t\t\t<div class=\"elementor-widget-wrap elementor-element-populated\">\n\t\t\t\t\t\t\t\t<section class=\"wavo-column-gap-default elementor-section elementor-inner-section elementor-element elementor-element-f26c130 elementor-section-boxed elementor-section-height-default elementor-section-height-default\" data-id=\"f26c130\" data-element_type=\"section\">\n\t\t\t\t\t\t<div class=\"elementor-container elementor-column-gap-default\">\n\t\t\t\t\t<div class=\"elementor-column elementor-col-50 elementor-inner-column elementor-element elementor-element-203ae78\" data-id=\"203ae78\" data-element_type=\"column\">\n\t\t\t<div class=\"elementor-widget-wrap elementor-element-populated\">\n\t\t\t\t\t\t\t\t<div data-split-settings=\"{&quot;type&quot;:&quot;words&quot;,&quot;animation&quot;:&quot;fadeInUp2&quot;}\" class=\"elementor-element elementor-element-ae34b7f wavo-headig-split heading-has-split-yes wavo-vertical-mode vertical-rl wavo-transform transform-type-translate elementor-widget elementor-widget-heading\" data-id=\"ae34b7f\" data-element_type=\"widget\" data-widget_type=\"heading.default\">\n\t\t\t\t<div class=\"elementor-widget-container\">\n\t\t\t<style>\/*! elementor - v3.18.0 - 20-12-2023 *\/\n.elementor-heading-title{padding:0;margin:0;line-height:1}.elementor-widget-heading .elementor-heading-title[class*=elementor-size-]>a{color:inherit;font-size:inherit;line-height:inherit}.elementor-widget-heading .elementor-heading-title.elementor-size-small{font-size:15px}.elementor-widget-heading .elementor-heading-title.elementor-size-medium{font-size:19px}.elementor-widget-heading .elementor-heading-title.elementor-size-large{font-size:29px}.elementor-widget-heading .elementor-heading-title.elementor-size-xl{font-size:39px}.elementor-widget-heading .elementor-heading-title.elementor-size-xxl{font-size:59px}<\/style><h6 class=\"elementor-heading-title elementor-size-default\">WNP | Witzel Niesse<\/h6>\t\t<\/div>\n\t\t\t\t<\/div>\n\t\t\t\t\t<\/div>\n\t\t<\/div>\n\t\t\t\t<div class=\"elementor-column elementor-col-50 elementor-inner-column elementor-element elementor-element-4b61ab5\" data-id=\"4b61ab5\" data-element_type=\"column\">\n\t\t\t<div class=\"elementor-widget-wrap\">\n\t\t\t\t\t\t\t\t\t<\/div>\n\t\t<\/div>\n\t\t\t\t\t\t\t<\/div>\n\t\t<\/section>\n\t\t\t\t<div data-split-settings=\"{&quot;type&quot;:&quot;chars&quot;,&quot;animation&quot;:&quot;bounceInRight2&quot;}\" class=\"elementor-element elementor-element-b22f71f wavo-headig-split heading-has-split-yes elementor-widget__width-initial wavo-transform transform-type-translate elementor-widget elementor-widget-heading\" data-id=\"b22f71f\" data-element_type=\"widget\" data-widget_type=\"heading.default\">\n\t\t\t\t<div class=\"elementor-widget-container\">\n\t\t\t<h1 class=\"elementor-heading-title elementor-size-default\"><b><b>Selbstanzeige  <\/b> <br> <\/b>Steuerstrafrecht<\/h1>\t\t<\/div>\n\t\t\t\t<\/div>\n\t\t\t\t<div class=\"elementor-element elementor-element-5eda032 elementor-widget elementor-widget-spacer\" data-id=\"5eda032\" data-element_type=\"widget\" data-widget_type=\"spacer.default\">\n\t\t\t\t<div class=\"elementor-widget-container\">\n\t\t\t<style>\/*! elementor - v3.18.0 - 20-12-2023 *\/\n.elementor-column .elementor-spacer-inner{height:var(--spacer-size)}.e-con{--container-widget-width:100%}.e-con-inner>.elementor-widget-spacer,.e-con>.elementor-widget-spacer{width:var(--container-widget-width,var(--spacer-size));--align-self:var(--container-widget-align-self,initial);--flex-shrink:0}.e-con-inner>.elementor-widget-spacer>.elementor-widget-container,.e-con>.elementor-widget-spacer>.elementor-widget-container{height:100%;width:100%}.e-con-inner>.elementor-widget-spacer>.elementor-widget-container>.elementor-spacer,.e-con>.elementor-widget-spacer>.elementor-widget-container>.elementor-spacer{height:100%}.e-con-inner>.elementor-widget-spacer>.elementor-widget-container>.elementor-spacer>.elementor-spacer-inner,.e-con>.elementor-widget-spacer>.elementor-widget-container>.elementor-spacer>.elementor-spacer-inner{height:var(--container-widget-height,var(--spacer-size))}.e-con-inner>.elementor-widget-spacer.elementor-widget-empty,.e-con>.elementor-widget-spacer.elementor-widget-empty{position:relative;min-height:22px;min-width:22px}.e-con-inner>.elementor-widget-spacer.elementor-widget-empty .elementor-widget-empty-icon,.e-con>.elementor-widget-spacer.elementor-widget-empty .elementor-widget-empty-icon{position:absolute;top:0;bottom:0;left:0;right:0;margin:auto;padding:0;width:22px;height:22px}<\/style>\t\t<div class=\"elementor-spacer\">\n\t\t\t<div class=\"elementor-spacer-inner\"><\/div>\n\t\t<\/div>\n\t\t\t\t<\/div>\n\t\t\t\t<\/div>\n\t\t\t\t<div class=\"elementor-element elementor-element-242ede6 elementor-widget elementor-widget-text-editor\" data-id=\"242ede6\" data-element_type=\"widget\" data-widget_type=\"text-editor.default\">\n\t\t\t\t<div class=\"elementor-widget-container\">\n\t\t\t<style>\/*! elementor - v3.18.0 - 20-12-2023 *\/\n.elementor-widget-text-editor.elementor-drop-cap-view-stacked .elementor-drop-cap{background-color:#69727d;color:#fff}.elementor-widget-text-editor.elementor-drop-cap-view-framed .elementor-drop-cap{color:#69727d;border:3px solid;background-color:transparent}.elementor-widget-text-editor:not(.elementor-drop-cap-view-default) .elementor-drop-cap{margin-top:8px}.elementor-widget-text-editor:not(.elementor-drop-cap-view-default) .elementor-drop-cap-letter{width:1em;height:1em}.elementor-widget-text-editor .elementor-drop-cap{float:left;text-align:center;line-height:1;font-size:50px}.elementor-widget-text-editor .elementor-drop-cap-letter{display:inline-block}<\/style>\t\t\t\t<p>Langj\u00e4hrige Erfahrung auf diesem Gebiet und im Umgang mit der Finanzverwaltung, Steuerfahndung und der Staatsanwaltschaft sind der Schl\u00fcssel zum Erfolg f\u00fcr eine wirksame Selbstanzeige. Ist diese nicht mehr m\u00f6glich, k\u00f6nnen durch das Zusammenspiel unserer steuerlichen und steuerstrafrechtlichen Expertise mit der Erfahrung unseres assoziierten spezialisierten Strafverteidigers beste Ergebnisse erzielt werden.<\/p>\t\t\t\t\t\t<\/div>\n\t\t\t\t<\/div>\n\t\t\t\t\t<\/div>\n\t\t<\/div>\n\t\t\t\t<div class=\"elementor-column elementor-col-50 elementor-top-column elementor-element elementor-element-0e2ab1c\" data-id=\"0e2ab1c\" data-element_type=\"column\">\n\t\t\t<div class=\"elementor-widget-wrap elementor-element-populated\">\n\t\t\t\t\t\t\t\t<div data-image-parallax-settings=\"{&quot;orientation&quot;:&quot;down left&quot;,&quot;overflow&quot;: false,&quot;scale&quot;:1.2,&quot;delay&quot;:0.4,&quot;maxtrans&quot;:0}\" class=\"elementor-element elementor-element-8cca711 wavo-image-parallax image-has-parallax-yes elementor-widget elementor-widget-image\" data-id=\"8cca711\" data-element_type=\"widget\" data-widget_type=\"image.default\">\n\t\t\t\t<div class=\"elementor-widget-container\">\n\t\t\t<style>\/*! elementor - v3.18.0 - 20-12-2023 *\/\n.elementor-widget-image{text-align:center}.elementor-widget-image a{display:inline-block}.elementor-widget-image a img[src$=\".svg\"]{width:48px}.elementor-widget-image img{vertical-align:middle;display:inline-block}<\/style>\t\t\t\t\t\t\t\t\t\t\t\t<img decoding=\"async\" src=\"https:\/\/wnp-law.com\/wp-content\/uploads\/elementor\/thumbs\/Selbstanzeige-scaled-qion1zo1seqvfkjhjg0cli6uqdxxgdp8iv7a1f1ga0.jpg\" title=\"Selbstanzeige\" alt=\"Selbstanzeige\" loading=\"lazy\" \/>\t\t\t\t\t\t\t\t\t\t\t\t\t\t\t<\/div>\n\t\t\t\t<\/div>\n\t\t\t\t\t<\/div>\n\t\t<\/div>\n\t\t\t\t\t\t\t<\/div>\n\t\t<\/div>\n\t\t\t\t<section class=\"wavo-column-gap-default elementor-section elementor-top-section elementor-element elementor-element-01a141d elementor-section-boxed elementor-section-height-default elementor-section-height-default\" data-id=\"01a141d\" data-element_type=\"section\">\n\t\t\t\t\t\t<div class=\"elementor-container elementor-column-gap-default\">\n\t\t\t\t\t<div class=\"elementor-column elementor-col-100 elementor-top-column elementor-element elementor-element-2a6cf49\" data-id=\"2a6cf49\" data-element_type=\"column\">\n\t\t\t<div class=\"elementor-widget-wrap elementor-element-populated\">\n\t\t\t\t\t\t\t\t<div class=\"wavo-column-gap-default elementor-section elementor-inner-section elementor-element elementor-element-df62eb5 elementor-section-content-middle elementor-section-boxed elementor-section-height-default elementor-section-height-default\" data-id=\"df62eb5\" data-element_type=\"section\">\n\t\t\t\t\t\t<div class=\"elementor-container elementor-column-gap-default\">\n\t\t\t\t\t<div class=\"elementor-column elementor-col-50 elementor-inner-column elementor-element elementor-element-28646b5\" data-id=\"28646b5\" data-element_type=\"column\">\n\t\t\t<div class=\"elementor-widget-wrap elementor-element-populated\">\n\t\t\t\t\t\t\t\t<div data-split-settings=\"{&quot;type&quot;:&quot;words&quot;,&quot;animation&quot;:&quot;fadeInUp2&quot;}\" class=\"elementor-element elementor-element-96903d1 wavo-headig-split heading-has-split-yes wavo-vertical-mode vertical-rl wavo-transform transform-type-translate elementor-widget elementor-widget-heading\" data-id=\"96903d1\" data-element_type=\"widget\" data-widget_type=\"heading.default\">\n\t\t\t\t<div class=\"elementor-widget-container\">\n\t\t\t<h6 class=\"elementor-heading-title elementor-size-default\">WNP | Witzel Niesse<\/h6>\t\t<\/div>\n\t\t\t\t<\/div>\n\t\t\t\t<div data-split-settings=\"{&quot;type&quot;:&quot;chars&quot;,&quot;animation&quot;:&quot;fadeInUp2&quot;}\" class=\"elementor-element elementor-element-e0fcf27 wavo-headig-split heading-has-split-yes wavo-transform transform-type-translate elementor-widget elementor-widget-heading\" data-id=\"e0fcf27\" data-element_type=\"widget\" data-widget_type=\"heading.default\">\n\t\t\t\t<div class=\"elementor-widget-container\">\n\t\t\t<h3 class=\"elementor-heading-title elementor-size-default\">Weitere Rechtsgebiete<\/h3>\t\t<\/div>\n\t\t\t\t<\/div>\n\t\t\t\t\t<\/div>\n\t\t<\/div>\n\t\t\t\t<div class=\"elementor-column elementor-col-50 elementor-inner-column elementor-element elementor-element-0432e1a\" data-id=\"0432e1a\" data-element_type=\"column\">\n\t\t\t<div class=\"elementor-widget-wrap elementor-element-populated\">\n\t\t\t\t\t\t\t\t<div class=\"elementor-element elementor-element-de22165 elementor-widget elementor-widget-spacer\" data-id=\"de22165\" data-element_type=\"widget\" data-widget_type=\"spacer.default\">\n\t\t\t\t<div class=\"elementor-widget-container\">\n\t\t\t\t\t<div class=\"elementor-spacer\">\n\t\t\t<div class=\"elementor-spacer-inner\"><\/div>\n\t\t<\/div>\n\t\t\t\t<\/div>\n\t\t\t\t<\/div>\n\t\t\t\t\t<\/div>\n\t\t<\/div>\n\t\t\t\t\t\t\t<\/div>\n\t\t<\/div>\n\t\t\t\t\t<\/div>\n\t\t<\/div>\n\t\t\t\t\t\t\t<\/div>\n\t\t<\/section>\n\t\t\t\t<section class=\"wavo-column-gap-default elementor-section elementor-top-section elementor-element elementor-element-ae5a869 elementor-section-full_width elementor-section-height-default elementor-section-height-default\" data-id=\"ae5a869\" data-element_type=\"section\">\n\t\t\t\t\t\t<div class=\"elementor-container elementor-column-gap-default\">\n\t\t\t\t\t<div class=\"elementor-column elementor-col-100 elementor-top-column elementor-element elementor-element-e5ec8b3\" data-id=\"e5ec8b3\" data-element_type=\"column\">\n\t\t\t<div class=\"elementor-widget-wrap elementor-element-populated\">\n\t\t\t\t\t\t\t\t<div class=\"elementor-element elementor-element-011e9d7 elementor-widget elementor-widget-wavo-interactive-link-slider\" data-id=\"011e9d7\" data-element_type=\"widget\" data-widget_type=\"wavo-interactive-link-slider.default\">\n\t\t\t\t<div class=\"elementor-widget-container\">\n\t\t\t<div class=\"interactive-link-slider-wrapper\" data-slider-settings='{\"speed\":1000,\"perview\":5,\"mdperview\":2,\"smperview\":1,\"autoplay\":true,\"mousewheel\":true,\"parallax\":false}'><div class=\"swiper-container gallery-top\"><div class=\"swiper-wrapper\"><div class=\"swiper-slide\"><div class=\"bg-img valign elementor-repeater-item-5a319a0\"><\/div><\/div><div class=\"swiper-slide\"><div class=\"bg-img valign elementor-repeater-item-331201a\"><\/div><\/div><div class=\"swiper-slide\"><div class=\"bg-img valign elementor-repeater-item-ca9bc4e\"><\/div><\/div><div class=\"swiper-slide\"><div class=\"bg-img valign elementor-repeater-item-2553962\"><\/div><\/div><div class=\"swiper-slide\"><div class=\"bg-img valign elementor-repeater-item-e4615f6\"><\/div><\/div><div class=\"swiper-slide\"><div class=\"bg-img valign elementor-repeater-item-74eb4a3\"><\/div><\/div><div class=\"swiper-slide\"><div class=\"bg-img valign elementor-repeater-item-c51b69f\"><\/div><\/div><div class=\"swiper-slide\"><div class=\"bg-img valign elementor-repeater-item-f5d19ca\"><\/div><\/div><\/div><\/div><div class=\"swiper-container gallery-thumbs\"><div class=\"swiper-wrapper\"><div class=\"swiper-slide\"><div class=\"slide-content-info\"><div class=\"slide-item-body\"><div class=\"slide-item-number stroke-text\">01<\/div><h4 class=\"slide-item-title\">Steuerliche & Gesellschaftsrechtliche Gestaltungsberatung<\/h4><\/div><div class=\"slide-item-footer\"><a class=\"slide-item-btn\" href=\"https:\/\/wnp-law.com\/en\/home\/steuerliche-gesellschaftsrechtliche-gestaltungsberatung\/\">Read more<\/a><\/div><\/div><\/div><div class=\"swiper-slide\"><div class=\"slide-content-info\"><div class=\"slide-item-body\"><div class=\"slide-item-number stroke-text\">02<\/div><h4 class=\"slide-item-title\">Notary<\/h4><\/div><div class=\"slide-item-footer\"><a class=\"slide-item-btn\" href=\"https:\/\/wnp-law.com\/en\/home\/notarin-2\/\">Read more<\/a><\/div><\/div><\/div><div class=\"swiper-slide\"><div class=\"slide-content-info\"><div class=\"slide-item-body\"><div class=\"slide-item-number stroke-text\">03<\/div><h4 class=\"slide-item-title\">Laufende Steuerverwaltung<\/h4><\/div><div class=\"slide-item-footer\"><a class=\"slide-item-btn\" href=\"https:\/\/wnp-law.com\/en\/home\/laufende-steuerverwaltung\/\">Read more<\/a><\/div><\/div><\/div><div class=\"swiper-slide\"><div class=\"slide-content-info\"><div class=\"slide-item-body\"><div class=\"slide-item-number stroke-text\">04<\/div><h4 class=\"slide-item-title\">Nationale und Internationale Stiftungen und Vereine<\/h4><\/div><div class=\"slide-item-footer\"><a class=\"slide-item-btn\" href=\"https:\/\/wnp-law.com\/en\/home\/nationale-und-internationale-stiftungen-vereine\/\">Read more<\/a><\/div><\/div><\/div><div class=\"swiper-slide\"><div class=\"slide-content-info\"><div class=\"slide-item-body\"><div class=\"slide-item-number stroke-text\">05<\/div><h4 class=\"slide-item-title\">Umwandlungs- und Umwandlungs Steuerrecht<\/h4><\/div><div class=\"slide-item-footer\"><a class=\"slide-item-btn\" href=\"https:\/\/wnp-law.com\/en\/home\/umwandlungs-und-umwandlungssteuerrecht\/\">Read more<\/a><\/div><\/div><\/div><div class=\"swiper-slide\"><div class=\"slide-content-info\"><div class=\"slide-item-body\"><div class=\"slide-item-number stroke-text\">06<\/div><h4 class=\"slide-item-title\">Selbstanzeige \/ Steuerstrafrecht<\/h4><\/div><div class=\"slide-item-footer\"><a class=\"slide-item-btn\" href=\"https:\/\/wnp-law.com\/en\/home\/selbstanzeige-steuerstrafrecht\/\">Read more<\/a><\/div><\/div><\/div><div class=\"swiper-slide\"><div class=\"slide-content-info\"><div class=\"slide-item-body\"><div class=\"slide-item-number stroke-text\">07<\/div><h4 class=\"slide-item-title\">Immobilienrecht<\/h4><\/div><div class=\"slide-item-footer\"><a class=\"slide-item-btn\" href=\"https:\/\/wnp-law.com\/en\/home\/immobilienrecht\/\">Read more<\/a><\/div><\/div><\/div><div class=\"swiper-slide\"><div class=\"slide-content-info\"><div class=\"slide-item-body\"><div class=\"slide-item-number stroke-text\">08<\/div><h4 class=\"slide-item-title\">Nachfolgeregelung<\/h4><\/div><div class=\"slide-item-footer\"><a class=\"slide-item-btn\" href=\"https:\/\/wnp-law.com\/en\/home\/nachfolgeregelung\/\">Read more<\/a><\/div><\/div><\/div><\/div><div class=\"swiper-nav-wrapper\"><div class=\"swiper-nav-ctrl prev-ctrl\"><i class=\"fas fa-caret-left\"><\/i><\/div><div class=\"swiper-nav-ctrl next-ctrl\"><i class=\"fas fa-caret-right\"><\/i><\/div><\/div><\/div><\/div>\t\t<\/div>\n\t\t\t\t<\/div>\n\t\t\t\t\t<\/div>\n\t\t<\/div>\n\t\t\t\t\t\t\t<\/div>\n\t\t<\/section>\n\t\t\t\t<section class=\"wavo-column-gap-default elementor-section elementor-top-section elementor-element elementor-element-f8f8980 elementor-section-boxed elementor-section-height-default elementor-section-height-default\" data-id=\"f8f8980\" data-element_type=\"section\">\n\t\t\t\t\t\t<div class=\"elementor-container elementor-column-gap-default\">\n\t\t\t\t\t<div class=\"elementor-column elementor-col-100 elementor-top-column elementor-element elementor-element-2fa3a69\" data-id=\"2fa3a69\" data-element_type=\"column\">\n\t\t\t<div class=\"elementor-widget-wrap\">\n\t\t\t\t\t\t\t\t\t<\/div>\n\t\t<\/div>\n\t\t\t\t\t\t\t<\/div>\n\t\t<\/section>\n\t\t\t\t<div class=\"wavo-column-gap-default elementor-section elementor-top-section elementor-element elementor-element-922fa0d elementor-section-stretched elementor-section-content-middle nt-section section-padding elementor-section-boxed elementor-section-height-default elementor-section-height-default\" data-id=\"922fa0d\" data-element_type=\"section\" data-settings=\"{&quot;stretch_section&quot;:&quot;section-stretched&quot;,&quot;background_background&quot;:&quot;classic&quot;}\">\n\t\t\t\t\t\t\t<div class=\"elementor-background-overlay\"><\/div>\n\t\t\t\t\t\t\t<div class=\"elementor-container elementor-column-gap-default\">\n\t\t\t\t\t<div class=\"elementor-column elementor-col-100 elementor-top-column elementor-element elementor-element-a80089a\" data-id=\"a80089a\" data-element_type=\"column\">\n\t\t\t<div class=\"elementor-widget-wrap elementor-element-populated\">\n\t\t\t\t\t\t\t\t<div data-split-settings=\"{&quot;type&quot;:&quot;chars&quot;,&quot;animation&quot;:&quot;fadeInUp2&quot;}\" class=\"elementor-element elementor-element-beb8c6f wavo-stroke wavo-has-stroke-yes wavo-has-stroke-type stroke-type-part wavo-headig-split heading-has-split-yes wavo-transform transform-type-translate elementor-widget elementor-widget-heading\" data-id=\"beb8c6f\" data-element_type=\"widget\" data-widget_type=\"heading.default\">\n\t\t\t\t<div class=\"elementor-widget-container\">\n\t\t\t<h2 class=\"elementor-heading-title elementor-size-default\"><b>Contact<\/b> Sie uns. <b><\/b><\/h2>\t\t<\/div>\n\t\t\t\t<\/div>\n\t\t\t\t<div class=\"elementor-element elementor-element-c242651 elementor-widget elementor-widget-wavo-button\" data-id=\"c242651\" data-element_type=\"widget\" data-widget_type=\"wavo-button.default\">\n\t\t\t\t<div class=\"elementor-widget-container\">\n\t\t\t<div class=\"wavo-button\"><a class=\"wavo-btn btn-curve btn-wit\" href=\"mailto:info@witzel-law.de\"><span class=\"button_text\">Email <\/span><\/a><\/div>\t\t<\/div>\n\t\t\t\t<\/div>\n\t\t\t\t\t<\/div>\n\t\t<\/div>\n\t\t\t\t\t\t\t<\/div>\n\t\t<\/div>\n\t\t\t\t\t\t\t<\/div>","protected":false},"excerpt":{"rendered":"<p>WNP | Witzel Niesse Selbstanzeige Steuerstrafrecht Langj\u00e4hrige Erfahrung auf diesem Gebiet und im Umgang mit der Finanzverwaltung, Steuerfahndung und der Staatsanwaltschaft sind der Schl\u00fcssel zum Erfolg f\u00fcr eine wirksame Selbstanzeige. Ist diese nicht mehr m\u00f6glich, k\u00f6nnen durch das Zusammenspiel unserer steuerlichen und steuerstrafrechtlichen Expertise mit der Erfahrung unseres assoziierten spezialisierten Strafverteidigers beste Ergebnisse erzielt werden&#8230;.<\/p>","protected":false},"author":3,"featured_media":0,"parent":22,"menu_order":0,"comment_status":"closed","ping_status":"closed","template":"wavo-elementor-page.php","meta":{"footnotes":""},"class_list":{"0":"post-7144","1":"page","2":"type-page","3":"status-publish","4":"hentry","5":"nt-post-class","6":"","7":"thumb-none","9":"excerpt-none"},"_links":{"self":[{"href":"https:\/\/wnp-law.com\/en\/wp-json\/wp\/v2\/pages\/7144","targetHints":{"allow":["GET"]}}],"collection":[{"href":"https:\/\/wnp-law.com\/en\/wp-json\/wp\/v2\/pages"}],"about":[{"href":"https:\/\/wnp-law.com\/en\/wp-json\/wp\/v2\/types\/page"}],"author":[{"embeddable":true,"href":"https:\/\/wnp-law.com\/en\/wp-json\/wp\/v2\/users\/3"}],"replies":[{"embeddable":true,"href":"https:\/\/wnp-law.com\/en\/wp-json\/wp\/v2\/comments?post=7144"}],"version-history":[{"count":16,"href":"https:\/\/wnp-law.com\/en\/wp-json\/wp\/v2\/pages\/7144\/revisions"}],"predecessor-version":[{"id":8138,"href":"https:\/\/wnp-law.com\/en\/wp-json\/wp\/v2\/pages\/7144\/revisions\/8138"}],"up":[{"embeddable":true,"href":"https:\/\/wnp-law.com\/en\/wp-json\/wp\/v2\/pages\/22"}],"wp:attachment":[{"href":"https:\/\/wnp-law.com\/en\/wp-json\/wp\/v2\/media?parent=7144"}],"curies":[{"name":"wp","href":"https:\/\/api.w.org\/{rel}","templated":true}]}}