{"id":7133,"date":"2024-01-22T13:28:54","date_gmt":"2024-01-22T13:28:54","guid":{"rendered":"https:\/\/wnp-law.com\/?page_id=7133"},"modified":"2024-10-09T16:47:49","modified_gmt":"2024-10-09T16:47:49","slug":"umwandlungen","status":"publish","type":"page","link":"https:\/\/wnp-law.com\/en\/home\/umwandlungen\/","title":{"rendered":"Conversions"},"content":{"rendered":"<div data-elementor-type=\"wp-page\" data-elementor-id=\"7133\" class=\"elementor elementor-7133\" data-elementor-post-type=\"page\">\n\t\t\t\t\t\t\t\t\t<div class=\"wavo-column-gap-default elementor-section elementor-top-section elementor-element elementor-element-f58b01f elementor-section-stretched elementor-section-content-middle nt-section section-padding elementor-reverse-tablet elementor-reverse-mobile elementor-section-boxed elementor-section-height-default elementor-section-height-default\" data-id=\"f58b01f\" data-element_type=\"section\" data-settings=\"{&quot;stretch_section&quot;:&quot;section-stretched&quot;,&quot;background_background&quot;:&quot;classic&quot;}\">\n\t\t\t\t\t\t\t<div class=\"elementor-background-overlay\"><\/div>\n\t\t\t\t\t\t\t<div class=\"elementor-container elementor-column-gap-default\">\n\t\t\t\t\t<div class=\"elementor-column elementor-col-50 elementor-top-column elementor-element elementor-element-e742b7d\" data-id=\"e742b7d\" data-element_type=\"column\">\n\t\t\t<div class=\"elementor-widget-wrap elementor-element-populated\">\n\t\t\t\t\t\t\t\t<div class=\"elementor-element elementor-element-14ad283 elementor-widget__width-initial wavo-transform transform-type-translate elementor-widget elementor-widget-heading\" data-id=\"14ad283\" data-element_type=\"widget\" data-widget_type=\"heading.default\">\n\t\t\t\t<div class=\"elementor-widget-container\">\n\t\t\t<style>\/*! elementor - v3.18.0 - 20-12-2023 *\/\n.elementor-heading-title{padding:0;margin:0;line-height:1}.elementor-widget-heading .elementor-heading-title[class*=elementor-size-]>a{color:inherit;font-size:inherit;line-height:inherit}.elementor-widget-heading .elementor-heading-title.elementor-size-small{font-size:15px}.elementor-widget-heading .elementor-heading-title.elementor-size-medium{font-size:19px}.elementor-widget-heading .elementor-heading-title.elementor-size-large{font-size:29px}.elementor-widget-heading .elementor-heading-title.elementor-size-xl{font-size:39px}.elementor-widget-heading .elementor-heading-title.elementor-size-xxl{font-size:59px}<\/style><h1 class=\"elementor-heading-title elementor-size-default\">Conversions<\/h1>\t\t<\/div>\n\t\t\t\t<\/div>\n\t\t\t\t<div class=\"elementor-element elementor-element-5eda032 elementor-widget elementor-widget-spacer\" data-id=\"5eda032\" data-element_type=\"widget\" data-widget_type=\"spacer.default\">\n\t\t\t\t<div class=\"elementor-widget-container\">\n\t\t\t<style>\/*! elementor - v3.18.0 - 20-12-2023 *\/\n.elementor-column .elementor-spacer-inner{height:var(--spacer-size)}.e-con{--container-widget-width:100%}.e-con-inner>.elementor-widget-spacer,.e-con>.elementor-widget-spacer{width:var(--container-widget-width,var(--spacer-size));--align-self:var(--container-widget-align-self,initial);--flex-shrink:0}.e-con-inner>.elementor-widget-spacer>.elementor-widget-container,.e-con>.elementor-widget-spacer>.elementor-widget-container{height:100%;width:100%}.e-con-inner>.elementor-widget-spacer>.elementor-widget-container>.elementor-spacer,.e-con>.elementor-widget-spacer>.elementor-widget-container>.elementor-spacer{height:100%}.e-con-inner>.elementor-widget-spacer>.elementor-widget-container>.elementor-spacer>.elementor-spacer-inner,.e-con>.elementor-widget-spacer>.elementor-widget-container>.elementor-spacer>.elementor-spacer-inner{height:var(--container-widget-height,var(--spacer-size))}.e-con-inner>.elementor-widget-spacer.elementor-widget-empty,.e-con>.elementor-widget-spacer.elementor-widget-empty{position:relative;min-height:22px;min-width:22px}.e-con-inner>.elementor-widget-spacer.elementor-widget-empty .elementor-widget-empty-icon,.e-con>.elementor-widget-spacer.elementor-widget-empty .elementor-widget-empty-icon{position:absolute;top:0;bottom:0;left:0;right:0;margin:auto;padding:0;width:22px;height:22px}<\/style>\t\t<div class=\"elementor-spacer\">\n\t\t\t<div class=\"elementor-spacer-inner\"><\/div>\n\t\t<\/div>\n\t\t\t\t<\/div>\n\t\t\t\t<\/div>\n\t\t\t\t<div class=\"elementor-element elementor-element-552220d elementor-widget elementor-widget-text-editor\" data-id=\"552220d\" data-element_type=\"widget\" data-widget_type=\"text-editor.default\">\n\t\t\t\t<div class=\"elementor-widget-container\">\n\t\t\t<style>\/*! elementor - v3.18.0 - 20-12-2023 *\/\n.elementor-widget-text-editor.elementor-drop-cap-view-stacked .elementor-drop-cap{background-color:#69727d;color:#fff}.elementor-widget-text-editor.elementor-drop-cap-view-framed .elementor-drop-cap{color:#69727d;border:3px solid;background-color:transparent}.elementor-widget-text-editor:not(.elementor-drop-cap-view-default) .elementor-drop-cap{margin-top:8px}.elementor-widget-text-editor:not(.elementor-drop-cap-view-default) .elementor-drop-cap-letter{width:1em;height:1em}.elementor-widget-text-editor .elementor-drop-cap{float:left;text-align:center;line-height:1;font-size:50px}.elementor-widget-text-editor .elementor-drop-cap-letter{display:inline-block}<\/style>\t\t\t\t<p>New legal or tax regulations or the preparation of a company succession often require the company to be restructured. Often, the company must first be restructured in such a way that a transfer to the new generation is legally feasible and makes sense from a tax perspective. The same applies to the preparation of company sales, expansions or the move abroad. In-depth knowledge of reorganisation and reorganisation tax law is a self-evident basis of our daily work.<\/p>\t\t\t\t\t\t<\/div>\n\t\t\t\t<\/div>\n\t\t\t\t\t<\/div>\n\t\t<\/div>\n\t\t\t\t<div class=\"elementor-column elementor-col-50 elementor-top-column elementor-element elementor-element-0e2ab1c\" data-id=\"0e2ab1c\" data-element_type=\"column\">\n\t\t\t<div class=\"elementor-widget-wrap elementor-element-populated\">\n\t\t\t\t\t\t\t\t<div data-image-parallax-settings=\"{&quot;orientation&quot;:&quot;down left&quot;,&quot;overflow&quot;: false,&quot;scale&quot;:1.2,&quot;delay&quot;:0.4,&quot;maxtrans&quot;:0}\" class=\"elementor-element elementor-element-8cca711 wavo-image-parallax image-has-parallax-yes elementor-widget elementor-widget-image\" data-id=\"8cca711\" data-element_type=\"widget\" data-widget_type=\"image.default\">\n\t\t\t\t<div class=\"elementor-widget-container\">\n\t\t\t<style>\/*! elementor - v3.18.0 - 20-12-2023 *\/\n.elementor-widget-image{text-align:center}.elementor-widget-image a{display:inline-block}.elementor-widget-image a img[src$=\".svg\"]{width:48px}.elementor-widget-image img{vertical-align:middle;display:inline-block}<\/style>\t\t\t\t\t\t\t\t\t\t\t\t<img decoding=\"async\" src=\"https:\/\/wnp-law.com\/wp-content\/uploads\/elementor\/thumbs\/Witzel_Niesse_Umwandlungen2-qpu5ljip1x163v7zyp9pfzplns68s5l3sa0rvu2wmg.jpg\" title=\"Witzel_Niesse_Umwandlungen2\" alt=\"Witzel_Niesse_Umwandlungen2\" loading=\"lazy\" \/>\t\t\t\t\t\t\t\t\t\t\t\t\t\t\t<\/div>\n\t\t\t\t<\/div>\n\t\t\t\t\t<\/div>\n\t\t<\/div>\n\t\t\t\t\t\t\t<\/div>\n\t\t<\/div>\n\t\t\t\t<section class=\"wavo-column-gap-no elementor-section elementor-top-section elementor-element elementor-element-12ff4ef5 elementor-section-full_width elementor-section-stretched elementor-section-height-default elementor-section-height-default\" data-id=\"12ff4ef5\" data-element_type=\"section\" data-settings=\"{&quot;stretch_section&quot;:&quot;section-stretched&quot;}\">\n\t\t\t\t\t\t<div class=\"elementor-container elementor-column-gap-no\">\n\t\t\t\t\t<div class=\"elementor-column elementor-col-100 elementor-top-column elementor-element elementor-element-65be8ced\" data-id=\"65be8ced\" data-element_type=\"column\">\n\t\t\t<div class=\"elementor-widget-wrap elementor-element-populated\">\n\t\t\t\t\t\t\t\t<div class=\"elementor-element elementor-element-371fa1b elementor-widget elementor-widget-spacer\" data-id=\"371fa1b\" data-element_type=\"widget\" data-widget_type=\"spacer.default\">\n\t\t\t\t<div class=\"elementor-widget-container\">\n\t\t\t\t\t<div class=\"elementor-spacer\">\n\t\t\t<div class=\"elementor-spacer-inner\"><\/div>\n\t\t<\/div>\n\t\t\t\t<\/div>\n\t\t\t\t<\/div>\n\t\t\t\t<section class=\"wavo-column-gap-default elementor-section elementor-inner-section elementor-element elementor-element-8752e44 elementor-section-boxed elementor-section-height-default elementor-section-height-default\" data-id=\"8752e44\" data-element_type=\"section\">\n\t\t\t\t\t\t<div class=\"elementor-container elementor-column-gap-default\">\n\t\t\t\t\t<div class=\"elementor-column elementor-col-50 elementor-inner-column elementor-element elementor-element-7f25394\" data-id=\"7f25394\" data-element_type=\"column\">\n\t\t\t<div class=\"elementor-widget-wrap elementor-element-populated\">\n\t\t\t\t\t\t\t\t<div class=\"elementor-element elementor-element-45643d6 elementor-widget__width-initial wavo-transform transform-type-translate elementor-widget elementor-widget-heading\" data-id=\"45643d6\" data-element_type=\"widget\" data-widget_type=\"heading.default\">\n\t\t\t\t<div class=\"elementor-widget-container\">\n\t\t\t<h3 class=\"elementor-heading-title elementor-size-default\">Our expertise<\/h3>\t\t<\/div>\n\t\t\t\t<\/div>\n\t\t\t\t\t<\/div>\n\t\t<\/div>\n\t\t\t\t<div class=\"elementor-column elementor-col-50 elementor-inner-column elementor-element elementor-element-2cf91be\" data-id=\"2cf91be\" data-element_type=\"column\">\n\t\t\t<div class=\"elementor-widget-wrap\">\n\t\t\t\t\t\t\t\t\t<\/div>\n\t\t<\/div>\n\t\t\t\t\t\t\t<\/div>\n\t\t<\/section>\n\t\t\t\t<div class=\"elementor-element elementor-element-58ffb8a elementor-widget elementor-widget-spacer\" data-id=\"58ffb8a\" data-element_type=\"widget\" data-widget_type=\"spacer.default\">\n\t\t\t\t<div class=\"elementor-widget-container\">\n\t\t\t\t\t<div class=\"elementor-spacer\">\n\t\t\t<div class=\"elementor-spacer-inner\"><\/div>\n\t\t<\/div>\n\t\t\t\t<\/div>\n\t\t\t\t<\/div>\n\t\t\t\t\t<\/div>\n\t\t<\/div>\n\t\t\t\t\t\t\t<\/div>\n\t\t<\/section>\n\t\t\t\t<section class=\"wavo-column-gap-no elementor-section elementor-top-section elementor-element elementor-element-48d9d5d9 elementor-section-full_width elementor-section-stretched elementor-section-height-default elementor-section-height-default\" data-id=\"48d9d5d9\" data-element_type=\"section\" data-settings=\"{&quot;stretch_section&quot;:&quot;section-stretched&quot;}\">\n\t\t\t\t\t\t<div class=\"elementor-container elementor-column-gap-no\">\n\t\t\t\t\t<div class=\"elementor-column elementor-col-100 elementor-top-column elementor-element elementor-element-6445b3f6\" data-id=\"6445b3f6\" data-element_type=\"column\">\n\t\t\t<div class=\"elementor-widget-wrap elementor-element-populated\">\n\t\t\t\t\t\t\t\t<div class=\"elementor-element elementor-element-3420e7ac elementor-widget elementor-widget-wavo-interactive-link-slider\" data-id=\"3420e7ac\" data-element_type=\"widget\" data-widget_type=\"wavo-interactive-link-slider.default\">\n\t\t\t\t<div class=\"elementor-widget-container\">\n\t\t\t<div class=\"interactive-link-slider-wrapper\" data-slider-settings='{\"speed\":1000,\"perview\":9,\"mdperview\":4,\"smperview\":2,\"autoplay\":false,\"mousewheel\":true,\"parallax\":false}'><div class=\"swiper-container gallery-top\"><div class=\"swiper-wrapper\"><div class=\"swiper-slide\"><div class=\"bg-img valign elementor-repeater-item-5a319a0\"><\/div><\/div><div class=\"swiper-slide\"><div class=\"bg-img valign elementor-repeater-item-f5d19ca\"><\/div><\/div><div class=\"swiper-slide\"><div class=\"bg-img valign elementor-repeater-item-2553962\"><\/div><\/div><div class=\"swiper-slide\"><div class=\"bg-img valign elementor-repeater-item-e4615f6\"><\/div><\/div><div class=\"swiper-slide\"><div class=\"bg-img valign elementor-repeater-item-74eb4a3\"><\/div><\/div><div class=\"swiper-slide\"><div class=\"bg-img valign elementor-repeater-item-ca9bc4e\"><\/div><\/div><div class=\"swiper-slide\"><div class=\"bg-img valign elementor-repeater-item-c51b69f\"><\/div><\/div><div class=\"swiper-slide\"><div class=\"bg-img valign elementor-repeater-item-21874eb\"><\/div><\/div><div class=\"swiper-slide\"><div class=\"bg-img valign elementor-repeater-item-6d7dd4d\"><\/div><\/div><\/div><\/div><div class=\"swiper-container gallery-thumbs\"><div class=\"swiper-wrapper\"><div class=\"swiper-slide\"><div class=\"slide-content-info\"><div class=\"slide-item-body\"><div class=\"slide-item-number stroke-text\">01<\/div><h4 class=\"slide-item-title\">Donations<\/h4><\/div><div class=\"slide-item-footer\"><a class=\"slide-item-btn\" href=\"https:\/\/wnp-law.com\/en\/home\/schenkungen\/\">Read more<\/a><\/div><\/div><\/div><div class=\"swiper-slide\"><div class=\"slide-content-info\"><div class=\"slide-item-body\"><div class=\"slide-item-number stroke-text\">02<\/div><h4 class=\"slide-item-title translation-block\">Succession<\/br> planning<\/h4><\/div><div class=\"slide-item-footer\"><a class=\"slide-item-btn\" href=\"\/en\/nachfolgeplanung\/\">Read more<\/a><\/div><\/div><\/div><div class=\"swiper-slide\"><div class=\"slide-content-info\"><div class=\"slide-item-body\"><div class=\"slide-item-number stroke-text\">03<\/div><h4 class=\"slide-item-title translation-block\">Corporate <br \/> Transactions<\/h4><\/div><div class=\"slide-item-footer\"><a class=\"slide-item-btn\" href=\"https:\/\/wnp-law.com\/en\/home\/unternehmenstransaktionen\/\">Read more<\/a><\/div><\/div><\/div><div class=\"swiper-slide\"><div class=\"slide-content-info\"><div class=\"slide-item-body\"><div class=\"slide-item-number stroke-text\">04<\/div><h4 class=\"slide-item-title\">Conversions<\/h4><\/div><div class=\"slide-item-footer\"><a class=\"slide-item-btn\" href=\"https:\/\/wnp-law.com\/en\/home\/umwandlungen\/\">Read more<\/a><\/div><\/div><\/div><div class=\"swiper-slide\"><div class=\"slide-content-info\"><div class=\"slide-item-body\"><div class=\"slide-item-number stroke-text\">05<\/div><h4 class=\"slide-item-title\">Tax Consultancy<\/h4><\/div><div class=\"slide-item-footer\"><a class=\"slide-item-btn\" href=\"https:\/\/wnp-law.com\/en\/home\/steuerberatung\/\">Read more<\/a><\/div><\/div><\/div><div class=\"swiper-slide\"><div class=\"slide-content-info\"><div class=\"slide-item-body\"><div class=\"slide-item-number stroke-text\">06<\/div><h4 class=\"slide-item-title\">Testaments<\/h4><\/div><div class=\"slide-item-footer\"><a class=\"slide-item-btn\" href=\"https:\/\/wnp-law.com\/en\/home\/testamente\/\">Read more<\/a><\/div><\/div><\/div><div class=\"swiper-slide\"><div class=\"slide-content-info\"><div class=\"slide-item-body\"><div class=\"slide-item-number stroke-text\">07<\/div><h4 class=\"slide-item-title\">real estate transactions<\/h4><\/div><div class=\"slide-item-footer\"><a class=\"slide-item-btn\" href=\"https:\/\/wnp-law.com\/en\/home\/immobilientransaktionen\/\">Read more<\/a><\/div><\/div><\/div><div class=\"swiper-slide\"><div class=\"slide-content-info\"><div class=\"slide-item-body\"><div class=\"slide-item-number stroke-text\">08<\/div><h4 class=\"slide-item-title\">Corporate Housekeeping<\/h4><\/div><div class=\"slide-item-footer\"><a class=\"slide-item-btn\" href=\"https:\/\/wnp-law.com\/en\/home\/cooperate-housekeeping\/\">Read more<\/a><\/div><\/div><\/div><div class=\"swiper-slide\"><div class=\"slide-content-info\"><div class=\"slide-item-body\"><div class=\"slide-item-number stroke-text\">09<\/div><h4 class=\"slide-item-title translation-block\">company<br> liquidations<\/h4><\/div><div class=\"slide-item-footer\"><a class=\"slide-item-btn\" href=\"https:\/\/wnp-law.com\/en\/home\/unternehmensliquidation\/\">Read more<\/a><\/div><\/div><\/div><\/div><div class=\"swiper-nav-wrapper\"><div class=\"swiper-nav-ctrl prev-ctrl\"><i class=\"fas fa-caret-left\"><\/i><\/div><div class=\"swiper-nav-ctrl next-ctrl\"><i class=\"fas fa-caret-right\"><\/i><\/div><\/div><\/div><\/div>\t\t<\/div>\n\t\t\t\t<\/div>\n\t\t\t\t<div class=\"elementor-element elementor-element-692bb953 elementor-widget-divider--view-line elementor-widget elementor-widget-divider\" data-id=\"692bb953\" data-element_type=\"widget\" data-widget_type=\"divider.default\">\n\t\t\t\t<div class=\"elementor-widget-container\">\n\t\t\t<style>\/*! elementor - v3.18.0 - 20-12-2023 *\/\n.elementor-widget-divider{--divider-border-style:none;--divider-border-width:1px;--divider-color:#0c0d0e;--divider-icon-size:20px;--divider-element-spacing:10px;--divider-pattern-height:24px;--divider-pattern-size:20px;--divider-pattern-url:none;--divider-pattern-repeat:repeat-x}.elementor-widget-divider .elementor-divider{display:flex}.elementor-widget-divider .elementor-divider__text{font-size:15px;line-height:1;max-width:95%}.elementor-widget-divider .elementor-divider__element{margin:0 var(--divider-element-spacing);flex-shrink:0}.elementor-widget-divider .elementor-icon{font-size:var(--divider-icon-size)}.elementor-widget-divider .elementor-divider-separator{display:flex;margin:0;direction:ltr}.elementor-widget-divider--view-line_icon .elementor-divider-separator,.elementor-widget-divider--view-line_text .elementor-divider-separator{align-items:center}.elementor-widget-divider--view-line_icon .elementor-divider-separator:after,.elementor-widget-divider--view-line_icon .elementor-divider-separator:before,.elementor-widget-divider--view-line_text .elementor-divider-separator:after,.elementor-widget-divider--view-line_text .elementor-divider-separator:before{display:block;content:\"\";border-bottom:0;flex-grow:1;border-top:var(--divider-border-width) var(--divider-border-style) var(--divider-color)}.elementor-widget-divider--element-align-left .elementor-divider .elementor-divider-separator>.elementor-divider__svg:first-of-type{flex-grow:0;flex-shrink:100}.elementor-widget-divider--element-align-left .elementor-divider-separator:before{content:none}.elementor-widget-divider--element-align-left .elementor-divider__element{margin-left:0}.elementor-widget-divider--element-align-right .elementor-divider .elementor-divider-separator>.elementor-divider__svg:last-of-type{flex-grow:0;flex-shrink:100}.elementor-widget-divider--element-align-right .elementor-divider-separator:after{content:none}.elementor-widget-divider--element-align-right .elementor-divider__element{margin-right:0}.elementor-widget-divider:not(.elementor-widget-divider--view-line_text):not(.elementor-widget-divider--view-line_icon) .elementor-divider-separator{border-top:var(--divider-border-width) var(--divider-border-style) var(--divider-color)}.elementor-widget-divider--separator-type-pattern{--divider-border-style:none}.elementor-widget-divider--separator-type-pattern.elementor-widget-divider--view-line .elementor-divider-separator,.elementor-widget-divider--separator-type-pattern:not(.elementor-widget-divider--view-line) .elementor-divider-separator:after,.elementor-widget-divider--separator-type-pattern:not(.elementor-widget-divider--view-line) .elementor-divider-separator:before,.elementor-widget-divider--separator-type-pattern:not([class*=elementor-widget-divider--view]) .elementor-divider-separator{width:100%;min-height:var(--divider-pattern-height);-webkit-mask-size:var(--divider-pattern-size) 100%;mask-size:var(--divider-pattern-size) 100%;-webkit-mask-repeat:var(--divider-pattern-repeat);mask-repeat:var(--divider-pattern-repeat);background-color:var(--divider-color);-webkit-mask-image:var(--divider-pattern-url);mask-image:var(--divider-pattern-url)}.elementor-widget-divider--no-spacing{--divider-pattern-size:auto}.elementor-widget-divider--bg-round{--divider-pattern-repeat:round}.rtl .elementor-widget-divider .elementor-divider__text{direction:rtl}.e-con-inner>.elementor-widget-divider,.e-con>.elementor-widget-divider{width:var(--container-widget-width,100%);--flex-grow:var(--container-widget-flex-grow)}<\/style>\t\t<div class=\"elementor-divider\">\n\t\t\t<span class=\"elementor-divider-separator\">\n\t\t\t\t\t\t<\/span>\n\t\t<\/div>\n\t\t\t\t<\/div>\n\t\t\t\t<\/div>\n\t\t\t\t\t<\/div>\n\t\t<\/div>\n\t\t\t\t\t\t\t<\/div>\n\t\t<\/section>\n\t\t\t\t<div class=\"wavo-column-gap-default elementor-section elementor-top-section elementor-element elementor-element-6369effe elementor-section-stretched elementor-section-content-middle nt-section section-padding elementor-section-height-min-height elementor-section-boxed elementor-section-height-default elementor-section-items-middle\" data-id=\"6369effe\" data-element_type=\"section\" data-settings=\"{&quot;stretch_section&quot;:&quot;section-stretched&quot;,&quot;background_background&quot;:&quot;classic&quot;}\">\n\t\t\t\t\t\t\t<div class=\"elementor-background-overlay\"><\/div>\n\t\t\t\t\t\t\t<div class=\"elementor-container elementor-column-gap-default\">\n\t\t\t\t\t<div class=\"elementor-column elementor-col-100 elementor-top-column elementor-element elementor-element-5a7e446c\" data-id=\"5a7e446c\" data-element_type=\"column\">\n\t\t\t<div class=\"elementor-widget-wrap elementor-element-populated\">\n\t\t\t\t\t\t\t\t<div data-split-settings=\"{&quot;type&quot;:&quot;chars&quot;,&quot;animation&quot;:&quot;fadeInUp2&quot;}\" class=\"elementor-element elementor-element-55c6b0dc wavo-stroke wavo-has-stroke-yes wavo-has-stroke-type stroke-type-part wavo-headig-split heading-has-split-yes wavo-transform transform-type-translate elementor-widget elementor-widget-heading\" data-id=\"55c6b0dc\" data-element_type=\"widget\" data-widget_type=\"heading.default\">\n\t\t\t\t<div class=\"elementor-widget-container\">\n\t\t\t<h2 class=\"elementor-heading-title elementor-size-default\"><b>Contact<\/b> us!<b><\/b><\/h2>\t\t<\/div>\n\t\t\t\t<\/div>\n\t\t\t\t<div class=\"elementor-element elementor-element-76538472 elementor-widget elementor-widget-wavo-button\" data-id=\"76538472\" data-element_type=\"widget\" data-widget_type=\"wavo-button.default\">\n\t\t\t\t<div class=\"elementor-widget-container\">\n\t\t\t<div class=\"wavo-button\"><a class=\"wavo-btn btn-curve btn-wit\" href=\"mailto:info@wnp-law.de\"><span class=\"button_text\">Email <\/span><\/a><\/div>\t\t<\/div>\n\t\t\t\t<\/div>\n\t\t\t\t\t<\/div>\n\t\t<\/div>\n\t\t\t\t\t\t\t<\/div>\n\t\t<\/div>\n\t\t\t\t\t\t\t<\/div>","protected":false},"excerpt":{"rendered":"<p>Umwandlungen Neue rechtliche oder steuerliche Regelungen oder die Vorbereitung einer Unternehmensnachfolge erfordern nicht selten eine Restrukturierung des Unternehmens. H\u00e4ufig muss das Unternehmen erst so strukturiert werden, dass eine \u00dcbertragung auf die neue Generation rechtlich \u00fcberhaupt durchf\u00fchrbar und steuerlich sinnvoll ist. Gleiches gilt f\u00fcr die Vorbereitung von Unternehmensver\u00e4u\u00dferungen, von Expansionen oder dem Schritt ins Ausland. Tiefgehende&#8230;<\/p>","protected":false},"author":3,"featured_media":0,"parent":22,"menu_order":0,"comment_status":"closed","ping_status":"closed","template":"","meta":{"footnotes":""},"class_list":{"0":"post-7133","1":"page","2":"type-page","3":"status-publish","4":"hentry","5":"nt-post-class","6":"","7":"thumb-none","9":"excerpt-none"},"_links":{"self":[{"href":"https:\/\/wnp-law.com\/en\/wp-json\/wp\/v2\/pages\/7133","targetHints":{"allow":["GET"]}}],"collection":[{"href":"https:\/\/wnp-law.com\/en\/wp-json\/wp\/v2\/pages"}],"about":[{"href":"https:\/\/wnp-law.com\/en\/wp-json\/wp\/v2\/types\/page"}],"author":[{"embeddable":true,"href":"https:\/\/wnp-law.com\/en\/wp-json\/wp\/v2\/users\/3"}],"replies":[{"embeddable":true,"href":"https:\/\/wnp-law.com\/en\/wp-json\/wp\/v2\/comments?post=7133"}],"version-history":[{"count":83,"href":"https:\/\/wnp-law.com\/en\/wp-json\/wp\/v2\/pages\/7133\/revisions"}],"predecessor-version":[{"id":12283,"href":"https:\/\/wnp-law.com\/en\/wp-json\/wp\/v2\/pages\/7133\/revisions\/12283"}],"up":[{"embeddable":true,"href":"https:\/\/wnp-law.com\/en\/wp-json\/wp\/v2\/pages\/22"}],"wp:attachment":[{"href":"https:\/\/wnp-law.com\/en\/wp-json\/wp\/v2\/media?parent=7133"}],"curies":[{"name":"wp","href":"https:\/\/api.w.org\/{rel}","templated":true}]}}