{"id":4841,"date":"2020-09-17T12:41:54","date_gmt":"2020-09-17T12:41:54","guid":{"rendered":"https:\/\/ninetheme.com\/themes\/wavo\/v2\/?page_id=4841"},"modified":"2024-12-02T14:37:45","modified_gmt":"2024-12-02T14:37:45","slug":"kanzlei","status":"publish","type":"page","link":"https:\/\/wnp-law.com\/en\/kanzlei\/","title":{"rendered":"Law firm"},"content":{"rendered":"<div data-elementor-type=\"wp-page\" data-elementor-id=\"4841\" class=\"elementor elementor-4841\" data-elementor-post-type=\"page\">\n\t\t\t\t\t\t\t\t\t<div class=\"wavo-column-gap-no elementor-section elementor-top-section elementor-element elementor-element-f5f406 elementor-section-height-min-height elementor-section-content-middle wavo-parallax jarallax parallax-yes elementor-section-full_width elementor-section-stretched wavo-vegas-overlay vegas-overlay-none elementor-section-items-bottom elementor-section-height-default\" data-vegas-settings=\"{&quot;slides&quot;:[{&quot;src&quot;:&quot;https:\/\/wnp-law.com\/wp-content\/uploads\/2024\/09\/Kanzlei_Witzel_Niesse-scaled.jpg&quot;}],&quot;animation&quot;:[&quot;kenburns&quot;],&quot;transition&quot;:[&quot;fade&quot;,&quot;fade2&quot;,&quot;blur&quot;],&quot;delay&quot;:4000,&quot;duration&quot;:1000,&quot;timer&quot;:&quot;&quot;,&quot;shuffle&quot;:&quot;yes&quot;,&quot;overlay&quot;:&quot;none&quot;}\" data-vegas-id=\"f5f406\" data-wavo-parallax=\"{&quot;type&quot;:&quot;scroll&quot;,&quot;speed&quot;:&quot;1&quot;,&quot;imgsize&quot;:&quot;cover&quot;,&quot;imgsrc&quot;:&quot;&quot;,&quot;mobile&quot;:&quot;&quot;}\" data-id=\"f5f406\" data-element_type=\"section\" data-settings=\"{&quot;background_background&quot;:&quot;classic&quot;,&quot;stretch_section&quot;:&quot;section-stretched&quot;}\">\n\t\t\t\t\t\t\t<div class=\"elementor-background-overlay\"><\/div>\n\t\t\t\t\t\t\t<div class=\"elementor-container elementor-column-gap-no\">\n\t\t\t\t\t<div class=\"elementor-column elementor-col-100 elementor-top-column elementor-element elementor-element-7e8fedb8\" data-id=\"7e8fedb8\" data-element_type=\"column\" data-settings=\"{&quot;background_background&quot;:&quot;classic&quot;}\">\n\t\t\t<div class=\"elementor-widget-wrap elementor-element-populated\">\n\t\t\t\t\t\t\t\t<div data-split-settings=\"{&quot;type&quot;:&quot;chars&quot;,&quot;animation&quot;:&quot;fadeInUp2&quot;}\" class=\"elementor-element elementor-element-6fb9ef81 wavo-headig-split heading-has-split-yes elementor-widget__width-initial wavo-transform transform-type-translate elementor-widget elementor-widget-heading\" data-id=\"6fb9ef81\" data-element_type=\"widget\" data-widget_type=\"heading.default\">\n\t\t\t\t<div class=\"elementor-widget-container\">\n\t\t\t<style>\/*! elementor - v3.18.0 - 20-12-2023 *\/\n.elementor-heading-title{padding:0;margin:0;line-height:1}.elementor-widget-heading .elementor-heading-title[class*=elementor-size-]>a{color:inherit;font-size:inherit;line-height:inherit}.elementor-widget-heading .elementor-heading-title.elementor-size-small{font-size:15px}.elementor-widget-heading .elementor-heading-title.elementor-size-medium{font-size:19px}.elementor-widget-heading .elementor-heading-title.elementor-size-large{font-size:29px}.elementor-widget-heading .elementor-heading-title.elementor-size-xl{font-size:39px}.elementor-widget-heading .elementor-heading-title.elementor-size-xxl{font-size:59px}<\/style><h4 class=\"elementor-heading-title elementor-size-default\">We offer tailored solutions - <\/br>off the beaten track of course <\/h4>\t\t<\/div>\n\t\t\t\t<\/div>\n\t\t\t\t<div class=\"elementor-element elementor-element-681e1f2c elementor-widget elementor-widget-wavo-button2\" data-id=\"681e1f2c\" data-element_type=\"widget\" data-widget_type=\"wavo-button2.default\">\n\t\t\t\t<div class=\"elementor-widget-container\">\n\t\t\t<div class=\"wavo-button\"><a href=\"#about\"><div class=\"btn-arrow\"><span><\/span><span><\/span><span><\/span><\/div><\/a><\/div>\t\t<\/div>\n\t\t\t\t<\/div>\n\t\t\t\t\t<\/div>\n\t\t<\/div>\n\t\t\t\t\t\t\t<\/div>\n\t\t<\/div>\n\t\t\t\t<div class=\"wavo-column-gap-default elementor-section elementor-top-section elementor-element elementor-element-03b9f64 elementor-section-stretched elementor-section-content-middle nt-section section-padding elementor-section-boxed elementor-section-height-default elementor-section-height-default\" data-id=\"03b9f64\" data-element_type=\"section\" data-settings=\"{&quot;stretch_section&quot;:&quot;section-stretched&quot;,&quot;background_background&quot;:&quot;classic&quot;}\">\n\t\t\t\t\t\t\t<div class=\"elementor-background-overlay\"><\/div>\n\t\t\t\t\t\t\t<div class=\"elementor-container elementor-column-gap-default\">\n\t\t\t\t\t<div class=\"elementor-column elementor-col-33 elementor-top-column elementor-element elementor-element-35dcaa9\" data-id=\"35dcaa9\" data-element_type=\"column\">\n\t\t\t<div class=\"elementor-widget-wrap elementor-element-populated\">\n\t\t\t\t\t\t\t\t<section class=\"wavo-column-gap-default elementor-section elementor-inner-section elementor-element elementor-element-9e7932e elementor-section-boxed elementor-section-height-default elementor-section-height-default\" data-id=\"9e7932e\" data-element_type=\"section\">\n\t\t\t\t\t\t<div class=\"elementor-container elementor-column-gap-default\">\n\t\t\t\t\t<div class=\"elementor-column elementor-col-50 elementor-inner-column elementor-element elementor-element-16fa6bd\" data-id=\"16fa6bd\" data-element_type=\"column\">\n\t\t\t<div class=\"elementor-widget-wrap elementor-element-populated\">\n\t\t\t\t\t\t\t\t<div data-split-settings=\"{&quot;type&quot;:&quot;chars&quot;,&quot;animation&quot;:&quot;fadeInUp2&quot;}\" class=\"elementor-element elementor-element-c5d1982 wavo-headig-split heading-has-split-yes wavo-transform transform-type-translate elementor-widget elementor-widget-heading\" data-id=\"c5d1982\" data-element_type=\"widget\" data-widget_type=\"heading.default\">\n\t\t\t\t<div class=\"elementor-widget-container\">\n\t\t\t<h4 class=\"elementor-heading-title elementor-size-default\">Law firm<\/h4>\t\t<\/div>\n\t\t\t\t<\/div>\n\t\t\t\t<div class=\"elementor-element elementor-element-f7828e8 wavo-transform transform-type-translate elementor-widget elementor-widget-heading\" data-id=\"f7828e8\" data-element_type=\"widget\" data-widget_type=\"heading.default\">\n\t\t\t\t<div class=\"elementor-widget-container\">\n\t\t\t<h4 class=\"elementor-heading-title elementor-size-default\">WNP is a law and tax advisory firm in Frankfurt a.M. that focuses on commercial and tax law issues related to wealth structuring.\nTogether with our notary, we can provide you with comprehensive advice on all legal, tax and notarial matters from a single source, enabling you to implement your family strategies quickly and efficiently.  <\/h4>\t\t<\/div>\n\t\t\t\t<\/div>\n\t\t\t\t\t<\/div>\n\t\t<\/div>\n\t\t\t\t<div class=\"elementor-column elementor-col-50 elementor-inner-column elementor-element elementor-element-5e10aa4\" data-id=\"5e10aa4\" data-element_type=\"column\">\n\t\t\t<div class=\"elementor-widget-wrap elementor-element-populated\">\n\t\t\t\t\t\t\t\t<div class=\"elementor-element elementor-element-bdb520d e-transform elementor-widget elementor-widget-image\" data-id=\"bdb520d\" data-element_type=\"widget\" data-settings=\"{&quot;_transform_translateX_effect&quot;:{&quot;unit&quot;:&quot;px&quot;,&quot;size&quot;:30,&quot;sizes&quot;:[]},&quot;_transform_translateX_effect_tablet&quot;:{&quot;unit&quot;:&quot;px&quot;,&quot;size&quot;:&quot;&quot;,&quot;sizes&quot;:[]},&quot;_transform_translateX_effect_mobile&quot;:{&quot;unit&quot;:&quot;px&quot;,&quot;size&quot;:&quot;&quot;,&quot;sizes&quot;:[]},&quot;_transform_translateY_effect&quot;:{&quot;unit&quot;:&quot;px&quot;,&quot;size&quot;:&quot;&quot;,&quot;sizes&quot;:[]},&quot;_transform_translateY_effect_tablet&quot;:{&quot;unit&quot;:&quot;px&quot;,&quot;size&quot;:&quot;&quot;,&quot;sizes&quot;:[]},&quot;_transform_translateY_effect_mobile&quot;:{&quot;unit&quot;:&quot;px&quot;,&quot;size&quot;:&quot;&quot;,&quot;sizes&quot;:[]}}\" data-widget_type=\"image.default\">\n\t\t\t\t<div class=\"elementor-widget-container\">\n\t\t\t<style>\/*! elementor - v3.18.0 - 20-12-2023 *\/\n.elementor-widget-image{text-align:center}.elementor-widget-image a{display:inline-block}.elementor-widget-image a img[src$=\".svg\"]{width:48px}.elementor-widget-image img{vertical-align:middle;display:inline-block}<\/style>\t\t\t\t\t\t\t\t\t\t\t\t<img fetchpriority=\"high\" decoding=\"async\" width=\"300\" height=\"300\" src=\"https:\/\/wnp-law.com\/wp-content\/uploads\/2024\/09\/WNP-Graphic-2_engl.png\" class=\"attachment-medium size-medium wp-image-10282\" alt=\"\" srcset=\"https:\/\/wnp-law.com\/wp-content\/uploads\/2024\/09\/WNP-Graphic-2_engl.png 745w, https:\/\/wnp-law.com\/wp-content\/uploads\/2024\/09\/WNP-Graphic-2_engl-300x300.png 300w, https:\/\/wnp-law.com\/wp-content\/uploads\/2024\/09\/WNP-Graphic-2_engl-150x150.png 150w, https:\/\/wnp-law.com\/wp-content\/uploads\/2024\/09\/WNP-Graphic-2_engl-12x12.png 12w, https:\/\/wnp-law.com\/wp-content\/uploads\/2024\/09\/WNP-Graphic-2_engl-500x500.png 500w\" sizes=\"(max-width: 300px) 100vw, 300px\" \/>\t\t\t\t\t\t\t\t\t\t\t\t\t\t\t<\/div>\n\t\t\t\t<\/div>\n\t\t\t\t\t<\/div>\n\t\t<\/div>\n\t\t\t\t\t\t\t<\/div>\n\t\t<\/section>\n\t\t\t\t<div class=\"elementor-element elementor-element-00fa8f7 wavo-transform transform-type-translate elementor-widget elementor-widget-heading\" data-id=\"00fa8f7\" data-element_type=\"widget\" data-widget_type=\"heading.default\">\n\t\t\t\t<div class=\"elementor-widget-container\">\n\t\t\t<p class=\"elementor-heading-title elementor-size-default\">The WNP team has many years of experience in corporate and tax law, gained in reputable law firms. \n<\/br>\n<\/br>\nIn the areas of commercial and tax law that we cover, we see ourselves as an alternative to large international law firms. We are highly committed to finding holistic solutions and implementing them to the highest quality.\n<\/br>\n<\/br>\n\nFor international issues, we have a well-established network of lawyers and tax advisors in all major jurisdictions. We add approved legal experts in other jurisdictions at short notice and on reasonable terms.\n<\/p>\t\t<\/div>\n\t\t\t\t<\/div>\n\t\t\t\t\t<\/div>\n\t\t<\/div>\n\t\t\t\t<div class=\"elementor-column elementor-col-33 elementor-top-column elementor-element elementor-element-0516de5\" data-id=\"0516de5\" data-element_type=\"column\">\n\t\t\t<div class=\"elementor-widget-wrap\">\n\t\t\t\t\t\t\t\t\t<\/div>\n\t\t<\/div>\n\t\t\t\t<div class=\"elementor-column elementor-col-33 elementor-top-column elementor-element elementor-element-7989615\" data-id=\"7989615\" data-element_type=\"column\">\n\t\t\t<div class=\"elementor-widget-wrap elementor-element-populated\">\n\t\t\t\t\t\t\t\t<div class=\"elementor-element elementor-element-9ade6bb elementor-widget elementor-widget-image\" data-id=\"9ade6bb\" data-element_type=\"widget\" data-widget_type=\"image.default\">\n\t\t\t\t<div class=\"elementor-widget-container\">\n\t\t\t\t\t\t\t\t\t\t\t\t\t\t\t<img decoding=\"async\" width=\"1707\" height=\"2560\" src=\"https:\/\/wnp-law.com\/wp-content\/uploads\/2024\/09\/Witzel_Law_Partner-scaled.jpg\" class=\"attachment-full size-full wp-image-11560\" alt=\"\" srcset=\"https:\/\/wnp-law.com\/wp-content\/uploads\/2024\/09\/Witzel_Law_Partner-scaled.jpg 1707w, https:\/\/wnp-law.com\/wp-content\/uploads\/2024\/09\/Witzel_Law_Partner-200x300.jpg 200w, https:\/\/wnp-law.com\/wp-content\/uploads\/2024\/09\/Witzel_Law_Partner-683x1024.jpg 683w, https:\/\/wnp-law.com\/wp-content\/uploads\/2024\/09\/Witzel_Law_Partner-768x1152.jpg 768w, https:\/\/wnp-law.com\/wp-content\/uploads\/2024\/09\/Witzel_Law_Partner-1024x1536.jpg 1024w, https:\/\/wnp-law.com\/wp-content\/uploads\/2024\/09\/Witzel_Law_Partner-1366x2048.jpg 1366w, https:\/\/wnp-law.com\/wp-content\/uploads\/2024\/09\/Witzel_Law_Partner-8x12.jpg 8w, https:\/\/wnp-law.com\/wp-content\/uploads\/2024\/09\/Witzel_Law_Partner-500x750.jpg 500w\" sizes=\"(max-width: 1707px) 100vw, 1707px\" \/>\t\t\t\t\t\t\t\t\t\t\t\t\t\t\t<\/div>\n\t\t\t\t<\/div>\n\t\t\t\t\t<\/div>\n\t\t<\/div>\n\t\t\t\t\t\t\t<\/div>\n\t\t<\/div>\n\t\t\t\t<div class=\"wavo-column-gap-default elementor-section elementor-top-section elementor-element elementor-element-29b860e2 elementor-section-stretched elementor-section-content-middle nt-section section-padding elementor-section-height-min-height elementor-section-boxed elementor-section-height-default elementor-section-items-middle\" data-id=\"29b860e2\" data-element_type=\"section\" data-settings=\"{&quot;stretch_section&quot;:&quot;section-stretched&quot;,&quot;background_background&quot;:&quot;classic&quot;}\">\n\t\t\t\t\t\t\t<div class=\"elementor-background-overlay\"><\/div>\n\t\t\t\t\t\t\t<div class=\"elementor-container elementor-column-gap-default\">\n\t\t\t\t\t<div class=\"elementor-column elementor-col-100 elementor-top-column elementor-element elementor-element-62843861\" data-id=\"62843861\" data-element_type=\"column\">\n\t\t\t<div class=\"elementor-widget-wrap elementor-element-populated\">\n\t\t\t\t\t\t\t\t<div data-split-settings=\"{&quot;type&quot;:&quot;chars&quot;,&quot;animation&quot;:&quot;fadeInUp2&quot;}\" class=\"elementor-element elementor-element-53421d3f wavo-stroke wavo-has-stroke-yes wavo-has-stroke-type stroke-type-part wavo-headig-split heading-has-split-yes wavo-transform transform-type-translate elementor-widget elementor-widget-heading\" data-id=\"53421d3f\" data-element_type=\"widget\" data-widget_type=\"heading.default\">\n\t\t\t\t<div class=\"elementor-widget-container\">\n\t\t\t<h2 class=\"elementor-heading-title elementor-size-default\"><b>Contact<\/b> us!<b><\/b><\/h2>\t\t<\/div>\n\t\t\t\t<\/div>\n\t\t\t\t<div class=\"elementor-element elementor-element-1a22952c elementor-widget elementor-widget-wavo-button\" data-id=\"1a22952c\" data-element_type=\"widget\" data-widget_type=\"wavo-button.default\">\n\t\t\t\t<div class=\"elementor-widget-container\">\n\t\t\t<div class=\"wavo-button\"><a class=\"wavo-btn btn-curve btn-wit\" href=\"mailto:info@wnp-law.com\"><span class=\"button_text\">Email <\/span><\/a><\/div>\t\t<\/div>\n\t\t\t\t<\/div>\n\t\t\t\t\t<\/div>\n\t\t<\/div>\n\t\t\t\t\t\t\t<\/div>\n\t\t<\/div>\n\t\t\t\t\t\t\t<\/div>","protected":false},"excerpt":{"rendered":"<p>Wir bieten ma\u00dfgeschneiderte L\u00f6sungen an, selbstverst\u00e4ndlich off the beaten track Kanzlei WNP ist eine Rechtsanwalts- und Steuerberatungskanzlei in Frankfurt a.M., die sich auf wirtschafts- und steuerrechtliche Fragestellungen im Zusammenhang mit der Verm\u00f6gensstrukturierung konzentriert. Zusammen mit unserer Notarin k\u00f6nnen wir Sie aus einer Hand umfassend bei allen rechtlichen, steuerlichen und notariellen Fragestellungen beraten und so z\u00fcgig&#8230;<\/p>","protected":false},"author":1,"featured_media":0,"parent":0,"menu_order":0,"comment_status":"closed","ping_status":"closed","template":"","meta":{"footnotes":""},"class_list":{"0":"post-4841","1":"page","2":"type-page","3":"status-publish","4":"hentry","5":"nt-post-class","6":"","7":"thumb-none","9":"excerpt-none"},"_links":{"self":[{"href":"https:\/\/wnp-law.com\/en\/wp-json\/wp\/v2\/pages\/4841","targetHints":{"allow":["GET"]}}],"collection":[{"href":"https:\/\/wnp-law.com\/en\/wp-json\/wp\/v2\/pages"}],"about":[{"href":"https:\/\/wnp-law.com\/en\/wp-json\/wp\/v2\/types\/page"}],"author":[{"embeddable":true,"href":"https:\/\/wnp-law.com\/en\/wp-json\/wp\/v2\/users\/1"}],"replies":[{"embeddable":true,"href":"https:\/\/wnp-law.com\/en\/wp-json\/wp\/v2\/comments?post=4841"}],"version-history":[{"count":311,"href":"https:\/\/wnp-law.com\/en\/wp-json\/wp\/v2\/pages\/4841\/revisions"}],"predecessor-version":[{"id":12403,"href":"https:\/\/wnp-law.com\/en\/wp-json\/wp\/v2\/pages\/4841\/revisions\/12403"}],"wp:attachment":[{"href":"https:\/\/wnp-law.com\/en\/wp-json\/wp\/v2\/media?parent=4841"}],"curies":[{"name":"wp","href":"https:\/\/api.w.org\/{rel}","templated":true}]}}