{"id":1912,"date":"2020-04-24T17:38:45","date_gmt":"2020-04-24T17:38:45","guid":{"rendered":"https:\/\/ninetheme.com\/themes\/wavo\/?page_id=1912"},"modified":"2026-03-17T15:21:02","modified_gmt":"2026-03-17T14:21:02","slug":"team","status":"publish","type":"page","link":"https:\/\/wnp-law.com\/en\/team\/","title":{"rendered":"Team"},"content":{"rendered":"<div data-elementor-type=\"wp-page\" data-elementor-id=\"1912\" class=\"elementor elementor-1912\" data-elementor-post-type=\"page\">\n\t\t\t\t\t\t\t\t\t<section class=\"wavo-column-gap-no elementor-section elementor-top-section elementor-element elementor-element-3cb8f58c elementor-section-full_width elementor-section-stretched elementor-section-height-default elementor-section-height-default\" data-id=\"3cb8f58c\" data-element_type=\"section\" data-settings=\"{&quot;stretch_section&quot;:&quot;section-stretched&quot;}\">\n\t\t\t\t\t\t<div class=\"elementor-container elementor-column-gap-no\">\n\t\t\t\t\t<div class=\"elementor-column elementor-col-100 elementor-top-column elementor-element elementor-element-ea2b46c\" data-id=\"ea2b46c\" data-element_type=\"column\">\n\t\t\t<div class=\"elementor-widget-wrap elementor-element-populated\">\n\t\t\t\t\t\t\t\t<section class=\"wavo-column-gap-default elementor-section elementor-inner-section elementor-element elementor-element-c57ec57 elementor-section-boxed elementor-section-height-default elementor-section-height-default\" data-id=\"c57ec57\" data-element_type=\"section\">\n\t\t\t\t\t\t<div class=\"elementor-container elementor-column-gap-default\">\n\t\t\t\t\t<div class=\"elementor-column elementor-col-50 elementor-inner-column elementor-element elementor-element-e639fb8\" data-id=\"e639fb8\" data-element_type=\"column\">\n\t\t\t<div class=\"elementor-widget-wrap elementor-element-populated\">\n\t\t\t\t\t\t\t\t<div data-split-settings=\"{&quot;type&quot;:&quot;chars&quot;,&quot;animation&quot;:&quot;fadeInUp2&quot;}\" class=\"elementor-element elementor-element-aba9a12 wavo-headig-split heading-has-split-yes wavo-transform transform-type-translate elementor-widget elementor-widget-heading\" data-id=\"aba9a12\" data-element_type=\"widget\" data-widget_type=\"heading.default\">\n\t\t\t\t<div class=\"elementor-widget-container\">\n\t\t\t<style>\/*! elementor - v3.18.0 - 20-12-2023 *\/\n.elementor-heading-title{padding:0;margin:0;line-height:1}.elementor-widget-heading .elementor-heading-title[class*=elementor-size-]>a{color:inherit;font-size:inherit;line-height:inherit}.elementor-widget-heading .elementor-heading-title.elementor-size-small{font-size:15px}.elementor-widget-heading .elementor-heading-title.elementor-size-medium{font-size:19px}.elementor-widget-heading .elementor-heading-title.elementor-size-large{font-size:29px}.elementor-widget-heading .elementor-heading-title.elementor-size-xl{font-size:39px}.elementor-widget-heading .elementor-heading-title.elementor-size-xxl{font-size:59px}<\/style><h1 class=\"elementor-heading-title elementor-size-default\">Team<\/h1>\t\t<\/div>\n\t\t\t\t<\/div>\n\t\t\t\t\t<\/div>\n\t\t<\/div>\n\t\t\t\t<div class=\"elementor-column elementor-col-50 elementor-inner-column elementor-element elementor-element-e5dc9d6\" data-id=\"e5dc9d6\" data-element_type=\"column\">\n\t\t\t<div class=\"elementor-widget-wrap\">\n\t\t\t\t\t\t\t\t\t<\/div>\n\t\t<\/div>\n\t\t\t\t\t\t\t<\/div>\n\t\t<\/section>\n\t\t\t\t<section class=\"wavo-column-gap-default elementor-section elementor-inner-section elementor-element elementor-element-2c0be31 elementor-section-boxed elementor-section-height-default elementor-section-height-default\" data-id=\"2c0be31\" data-element_type=\"section\" data-settings=\"{&quot;animation&quot;:&quot;none&quot;}\">\n\t\t\t\t\t\t<div class=\"elementor-container elementor-column-gap-default\">\n\t\t\t\t\t<div class=\"elementor-column elementor-col-50 elementor-inner-column elementor-element elementor-element-3a5ca9c\" data-id=\"3a5ca9c\" data-element_type=\"column\" data-settings=\"{&quot;background_background&quot;:&quot;classic&quot;}\">\n\t\t\t<div class=\"elementor-widget-wrap elementor-element-populated\">\n\t\t\t\t\t<div class=\"elementor-background-overlay\"><\/div>\n\t\t\t\t\t\t\t\t<div class=\"elementor-element elementor-element-7abd8d6 elementor-widget elementor-widget-wavo-team-member\" data-id=\"7abd8d6\" data-element_type=\"widget\" data-settings=\"{&quot;_animation&quot;:&quot;none&quot;}\" data-widget_type=\"wavo-team-member.default\">\n\t\t\t\t<div class=\"elementor-widget-container\">\n\t\t\t<div class=\"team\"><div class=\"item\"><div class=\"img\"><img decoding=\"async\" class=\"thumparallax\" src=\"https:\/\/wnp-law.com\/wp-content\/uploads\/2024\/09\/david_witzel.jpg\" alt=\"david_witzel.jpg\"><div class=\"info\"><h6 class=\"team-name\">Dr. David Witzel<\/h6><p>Attorney-at-Law<br>\nTax Advisor <br>\nTax Lawyer<\/p><div class=\"social\"><a class=\"social-link\" href=\"https:\/\/de.linkedin.com\/in\/dr-david-witzel-b4610615?trk=public_profile_browsemap-profile\" target=\"_blank\"><i aria-hidden=\"true\" class=\"fab fa-linkedin\"><\/i><\/a><a class=\"social-link\" href=\"mailto:dw@wnp-law.com\" target=\"_blank\"><i aria-hidden=\"true\" class=\"fas fa-mail-bulk\"><\/i><\/a><a class=\"social-link\" href=\"https:\/\/wnp-law.com\/wp-content\/uploads\/2024\/09\/Dr_-David-Witzel.vcf\" target=\"_blank\"><i aria-hidden=\"true\" class=\"far fa-address-card\"><\/i><\/a><\/div><\/div><\/div><\/div><\/div>\t\t<\/div>\n\t\t\t\t<\/div>\n\t\t\t\t<div class=\"elementor-element elementor-element-2eb4df3 wavo-transform transform-type-translate elementor-widget elementor-widget-heading\" data-id=\"2eb4df3\" data-element_type=\"widget\" data-widget_type=\"heading.default\">\n\t\t\t\t<div class=\"elementor-widget-container\">\n\t\t\t<h2 class=\"elementor-heading-title elementor-size-default\">Dr. David Witzel<\/h2>\t\t<\/div>\n\t\t\t\t<\/div>\n\t\t\t\t\t<\/div>\n\t\t<\/div>\n\t\t\t\t<div class=\"elementor-column elementor-col-50 elementor-inner-column elementor-element elementor-element-532b45c\" data-id=\"532b45c\" data-element_type=\"column\" data-settings=\"{&quot;animation&quot;:&quot;none&quot;}\">\n\t\t\t<div class=\"elementor-widget-wrap elementor-element-populated\">\n\t\t\t\t\t\t\t\t<div class=\"elementor-element elementor-element-aab80a6 elementor-widget elementor-widget-wavo-team-member\" data-id=\"aab80a6\" data-element_type=\"widget\" data-settings=\"{&quot;_animation&quot;:&quot;none&quot;}\" data-widget_type=\"wavo-team-member.default\">\n\t\t\t\t<div class=\"elementor-widget-container\">\n\t\t\t<div class=\"team\"><div class=\"item\"><div class=\"img\"><img decoding=\"async\" class=\"thumparallax\" src=\"https:\/\/wnp-law.com\/wp-content\/uploads\/2024\/09\/susanne_niesse.jpg\" alt=\"susanne_niesse.jpg\"><div class=\"info\"><h6 class=\"team-name\">Dr. Susanne Niesse<\/h6><p>Attorney-at-Law <\/br>\nNotary<\/p><div class=\"social\"><a class=\"social-link\" href=\"mailto:sn@wnp-law.com\" target=\"_blank\"><i aria-hidden=\"true\" class=\"fas fa-mail-bulk\"><\/i><\/a><a class=\"social-link\" href=\"https:\/\/wnp-law.com\/wp-content\/uploads\/2024\/09\/Dr_-Susanne-Niesse.vcf\" target=\"_blank\"><i aria-hidden=\"true\" class=\"far fa-address-card\"><\/i><\/a><\/div><\/div><\/div><\/div><\/div>\t\t<\/div>\n\t\t\t\t<\/div>\n\t\t\t\t<div class=\"elementor-element elementor-element-a0000b3 wavo-transform transform-type-translate elementor-widget elementor-widget-heading\" data-id=\"a0000b3\" data-element_type=\"widget\" data-widget_type=\"heading.default\">\n\t\t\t\t<div class=\"elementor-widget-container\">\n\t\t\t<h2 class=\"elementor-heading-title elementor-size-default\">Dr. Susanne Niesse<\/h2>\t\t<\/div>\n\t\t\t\t<\/div>\n\t\t\t\t\t<\/div>\n\t\t<\/div>\n\t\t\t\t\t\t\t<\/div>\n\t\t<\/section>\n\t\t\t\t<section class=\"wavo-column-gap-default elementor-section elementor-inner-section elementor-element elementor-element-4986023 elementor-section-boxed elementor-section-height-default elementor-section-height-default\" data-id=\"4986023\" data-element_type=\"section\">\n\t\t\t\t\t\t<div class=\"elementor-container elementor-column-gap-default\">\n\t\t\t\t\t<div class=\"elementor-column elementor-col-33 elementor-inner-column elementor-element elementor-element-b3ce8b0\" data-id=\"b3ce8b0\" data-element_type=\"column\" data-settings=\"{&quot;animation&quot;:&quot;none&quot;}\">\n\t\t\t<div class=\"elementor-widget-wrap elementor-element-populated\">\n\t\t\t\t\t\t\t\t<div class=\"elementor-element elementor-element-6d8839f elementor-widget elementor-widget-wavo-team-member\" data-id=\"6d8839f\" data-element_type=\"widget\" data-settings=\"{&quot;_animation&quot;:&quot;none&quot;}\" data-widget_type=\"wavo-team-member.default\">\n\t\t\t\t<div class=\"elementor-widget-container\">\n\t\t\t<div class=\"team\"><div class=\"item\"><div class=\"img\"><img decoding=\"async\" class=\"thumparallax\" src=\"https:\/\/wnp-law.com\/wp-content\/uploads\/2024\/09\/Michele_kelsch.jpg\" alt=\"Michele_kelsch.jpg\"><div class=\"info\"><h6 class=\"team-name\">Mich\u00e8le Kelsch<\/h6><p>Attorney-at-Law<\/p><div class=\"social\"><a class=\"social-link\" href=\"https:\/\/de.linkedin.com\/in\/mich%C3%A8le-kelsch-a8ba4a302\" target=\"_blank\"><i aria-hidden=\"true\" class=\"fab fa-linkedin\"><\/i><\/a><a class=\"social-link\" href=\"mailto:mke@wnp-law.com\" target=\"_blank\"><i aria-hidden=\"true\" class=\"fas fa-mail-bulk\"><\/i><\/a><a class=\"social-link\" href=\"https:\/\/wnp-law.com\/wp-content\/uploads\/2024\/09\/Michele-Kelsch.vcf\" target=\"_blank\"><i aria-hidden=\"true\" class=\"far fa-address-card\"><\/i><\/a><\/div><\/div><\/div><\/div><\/div>\t\t<\/div>\n\t\t\t\t<\/div>\n\t\t\t\t<div class=\"elementor-element elementor-element-915fd00 wavo-transform transform-type-translate elementor-widget elementor-widget-heading\" data-id=\"915fd00\" data-element_type=\"widget\" data-widget_type=\"heading.default\">\n\t\t\t\t<div class=\"elementor-widget-container\">\n\t\t\t<h2 class=\"elementor-heading-title elementor-size-default\">Mich\u00e8le Kelsch<\/h2>\t\t<\/div>\n\t\t\t\t<\/div>\n\t\t\t\t\t<\/div>\n\t\t<\/div>\n\t\t\t\t<div class=\"elementor-column elementor-col-33 elementor-inner-column elementor-element elementor-element-b829fe8\" data-id=\"b829fe8\" data-element_type=\"column\">\n\t\t\t<div class=\"elementor-widget-wrap elementor-element-populated\">\n\t\t\t\t\t\t\t\t<div class=\"elementor-element elementor-element-3d17b58 elementor-widget elementor-widget-wavo-team-member\" data-id=\"3d17b58\" data-element_type=\"widget\" data-settings=\"{&quot;_animation&quot;:&quot;none&quot;}\" data-widget_type=\"wavo-team-member.default\">\n\t\t\t\t<div class=\"elementor-widget-container\">\n\t\t\t<div class=\"team\"><div class=\"item\"><div class=\"img\"><img decoding=\"async\" class=\"thumparallax\" src=\"https:\/\/wnp-law.com\/wp-content\/uploads\/2024\/10\/Donata_Koch3.jpg\" alt=\"Donata_Koch3.jpg\"><div class=\"info\"><h6 class=\"team-name\">Donata Koch<\/h6><p>Lawyer<\/p><div class=\"social\"><a class=\"social-link\" href=\"mailto:dk@wnp-law.com\" target=\"_blank\"><i aria-hidden=\"true\" class=\"fas fa-mail-bulk\"><\/i><\/a><a class=\"social-link\" href=\"https:\/\/wnp-law.com\/wp-content\/uploads\/2024\/09\/Donata-Koch.vcf\" target=\"_blank\"><i aria-hidden=\"true\" class=\"far fa-address-card\"><\/i><\/a><\/div><\/div><\/div><\/div><\/div>\t\t<\/div>\n\t\t\t\t<\/div>\n\t\t\t\t<div class=\"elementor-element elementor-element-81614e6 wavo-transform transform-type-translate elementor-widget elementor-widget-heading\" data-id=\"81614e6\" data-element_type=\"widget\" data-widget_type=\"heading.default\">\n\t\t\t\t<div class=\"elementor-widget-container\">\n\t\t\t<h2 class=\"elementor-heading-title elementor-size-default\">Donata Koch<\/h2>\t\t<\/div>\n\t\t\t\t<\/div>\n\t\t\t\t\t<\/div>\n\t\t<\/div>\n\t\t\t\t<div class=\"elementor-column elementor-col-33 elementor-inner-column elementor-element elementor-element-40f64e3\" data-id=\"40f64e3\" data-element_type=\"column\">\n\t\t\t<div class=\"elementor-widget-wrap elementor-element-populated\">\n\t\t\t\t\t\t\t\t<div class=\"elementor-element elementor-element-d694811 elementor-widget elementor-widget-wavo-team-member\" data-id=\"d694811\" data-element_type=\"widget\" data-settings=\"{&quot;_animation&quot;:&quot;none&quot;}\" data-widget_type=\"wavo-team-member.default\">\n\t\t\t\t<div class=\"elementor-widget-container\">\n\t\t\t<div class=\"team\"><div class=\"item\"><div class=\"img\"><img decoding=\"async\" class=\"thumparallax\" src=\"https:\/\/wnp-law.com\/wp-content\/uploads\/2024\/09\/eva_schales.jpg\" alt=\"eva_schales.jpg\"><div class=\"info\"><h6 class=\"team-name\">Eva Schales<\/h6><p>Tax Advisor <br>\nMBA (Dipl.-Betriebswirtin)<\/p><div class=\"social\"><a class=\"social-link\" href=\"mailto:es@wnp-law.com\" target=\"_blank\"><i aria-hidden=\"true\" class=\"fas fa-mail-bulk\"><\/i><\/a><a class=\"social-link\" href=\"https:\/\/wnp-law.com\/wp-content\/uploads\/2024\/09\/Eva-Schales.vcf\" target=\"_blank\"><i aria-hidden=\"true\" class=\"far fa-address-card\"><\/i><\/a><\/div><\/div><\/div><\/div><\/div>\t\t<\/div>\n\t\t\t\t<\/div>\n\t\t\t\t<div class=\"elementor-element elementor-element-96d5602 wavo-transform transform-type-translate elementor-widget elementor-widget-heading\" data-id=\"96d5602\" data-element_type=\"widget\" data-widget_type=\"heading.default\">\n\t\t\t\t<div class=\"elementor-widget-container\">\n\t\t\t<h2 class=\"elementor-heading-title elementor-size-default\">Eva Schales<\/h2>\t\t<\/div>\n\t\t\t\t<\/div>\n\t\t\t\t\t<\/div>\n\t\t<\/div>\n\t\t\t\t\t\t\t<\/div>\n\t\t<\/section>\n\t\t\t\t<section class=\"wavo-column-gap-default elementor-section elementor-inner-section elementor-element elementor-element-ed62681 elementor-section-boxed elementor-section-height-default elementor-section-height-default\" data-id=\"ed62681\" data-element_type=\"section\">\n\t\t\t\t\t\t<div class=\"elementor-container elementor-column-gap-default\">\n\t\t\t\t\t<div class=\"elementor-column elementor-col-33 elementor-inner-column elementor-element elementor-element-76bb547\" data-id=\"76bb547\" data-element_type=\"column\">\n\t\t\t<div class=\"elementor-widget-wrap elementor-element-populated\">\n\t\t\t\t\t\t\t\t<div class=\"elementor-element elementor-element-df0104a elementor-widget elementor-widget-wavo-team-member\" data-id=\"df0104a\" data-element_type=\"widget\" data-settings=\"{&quot;_animation&quot;:&quot;none&quot;}\" data-widget_type=\"wavo-team-member.default\">\n\t\t\t\t<div class=\"elementor-widget-container\">\n\t\t\t<div class=\"team\"><div class=\"item\"><div class=\"img\"><img decoding=\"async\" class=\"thumparallax\" src=\"https:\/\/wnp-law.com\/wp-content\/uploads\/2024\/09\/Marius_Kempf.jpg\" alt=\"Marius_Kempf.jpg\"><div class=\"info\"><h6 class=\"team-name\">Marius B. Kempf<\/h6><p>Tax Advisor <br>\nMBA (Dipl.-Betriebswirt)<\/p><div class=\"social\"><a class=\"social-link\" href=\"mailto:mk@wnp-law.com\" target=\"_blank\"><i aria-hidden=\"true\" class=\"fas fa-mail-bulk\"><\/i><\/a><a class=\"social-link\" href=\"https:\/\/wnp-law.com\/wp-content\/uploads\/2024\/09\/Marius-B_-Kempf.vcf\" target=\"_blank\"><i aria-hidden=\"true\" class=\"far fa-address-card\"><\/i><\/a><\/div><\/div><\/div><\/div><\/div>\t\t<\/div>\n\t\t\t\t<\/div>\n\t\t\t\t<div class=\"elementor-element elementor-element-5830faf wavo-transform transform-type-translate elementor-widget elementor-widget-heading\" data-id=\"5830faf\" data-element_type=\"widget\" data-widget_type=\"heading.default\">\n\t\t\t\t<div class=\"elementor-widget-container\">\n\t\t\t<h2 class=\"elementor-heading-title elementor-size-default\">Marius B. Kempf<\/h2>\t\t<\/div>\n\t\t\t\t<\/div>\n\t\t\t\t\t<\/div>\n\t\t<\/div>\n\t\t\t\t<div class=\"elementor-column elementor-col-33 elementor-inner-column elementor-element elementor-element-24a179b\" data-id=\"24a179b\" data-element_type=\"column\">\n\t\t\t<div class=\"elementor-widget-wrap elementor-element-populated\">\n\t\t\t\t\t\t\t\t<div class=\"elementor-element elementor-element-35f2a57 elementor-widget elementor-widget-wavo-team-member\" data-id=\"35f2a57\" data-element_type=\"widget\" data-settings=\"{&quot;_animation&quot;:&quot;none&quot;}\" data-widget_type=\"wavo-team-member.default\">\n\t\t\t\t<div class=\"elementor-widget-container\">\n\t\t\t<div class=\"team\"><div class=\"item\"><div class=\"img\"><img decoding=\"async\" class=\"thumparallax\" src=\"https:\/\/wnp-law.com\/wp-content\/uploads\/2024\/09\/Jeaneatte_Witzel.jpg\" alt=\"Jeaneatte_Witzel.jpg\"><div class=\"info\"><h6 class=\"team-name\">Jeanette Witzel<\/h6><p>Attorney-at-Law<\/p><div class=\"social\"><a class=\"social-link\" href=\"mailto:jw@wnp-law.com\" target=\"_blank\"><i aria-hidden=\"true\" class=\"fas fa-mail-bulk\"><\/i><\/a><a class=\"social-link\" href=\"https:\/\/wnp-law.com\/wp-content\/uploads\/2024\/09\/Jeanette-Witzel.vcf\" target=\"_blank\"><i aria-hidden=\"true\" class=\"far fa-address-card\"><\/i><\/a><\/div><\/div><\/div><\/div><\/div>\t\t<\/div>\n\t\t\t\t<\/div>\n\t\t\t\t<div class=\"elementor-element elementor-element-a41b854 wavo-transform transform-type-translate elementor-widget elementor-widget-heading\" data-id=\"a41b854\" data-element_type=\"widget\" data-widget_type=\"heading.default\">\n\t\t\t\t<div class=\"elementor-widget-container\">\n\t\t\t<h2 class=\"elementor-heading-title elementor-size-default\">Jeanette Witzel<\/h2>\t\t<\/div>\n\t\t\t\t<\/div>\n\t\t\t\t\t<\/div>\n\t\t<\/div>\n\t\t\t\t<div class=\"elementor-column elementor-col-33 elementor-inner-column elementor-element elementor-element-c8a0daa\" data-id=\"c8a0daa\" data-element_type=\"column\">\n\t\t\t<div class=\"elementor-widget-wrap elementor-element-populated\">\n\t\t\t\t\t\t\t\t<div class=\"elementor-element elementor-element-4ea9c17 elementor-widget elementor-widget-wavo-team-member\" data-id=\"4ea9c17\" data-element_type=\"widget\" data-settings=\"{&quot;_animation&quot;:&quot;none&quot;}\" data-widget_type=\"wavo-team-member.default\">\n\t\t\t\t<div class=\"elementor-widget-container\">\n\t\t\t<div class=\"team\"><div class=\"item\"><div class=\"img\"><img decoding=\"async\" class=\"thumparallax\" src=\"https:\/\/wnp-law.com\/wp-content\/uploads\/2025\/09\/wnp-platzhalter2.jpg\" alt=\"wnp-platzhalter2.jpg\"><div class=\"info\"><h6 class=\"team-name\">Dr. Stefan von Holst<\/h6><p>Notar a. D., Of Counsel<\/p><div class=\"social\"><a class=\"social-link\" href=\"mailto:sh@wnp-law.com\" target=\"_blank\"><i aria-hidden=\"true\" class=\"fas fa-mail-bulk\"><\/i><\/a><a class=\"social-link\" href=\"https:\/\/wnp-law.com\/wp-content\/uploads\/2025\/09\/Dr-Stefan-von-Holst.vcf\" target=\"_blank\"><i aria-hidden=\"true\" class=\"far fa-address-card\"><\/i><\/a><\/div><\/div><\/div><\/div><\/div>\t\t<\/div>\n\t\t\t\t<\/div>\n\t\t\t\t<div class=\"elementor-element elementor-element-5187703 wavo-transform transform-type-translate elementor-widget elementor-widget-heading\" data-id=\"5187703\" data-element_type=\"widget\" data-widget_type=\"heading.default\">\n\t\t\t\t<div class=\"elementor-widget-container\">\n\t\t\t<h2 class=\"elementor-heading-title elementor-size-default\">Dr. Stefan von Holst<\/h2>\t\t<\/div>\n\t\t\t\t<\/div>\n\t\t\t\t\t<\/div>\n\t\t<\/div>\n\t\t\t\t\t\t\t<\/div>\n\t\t<\/section>\n\t\t\t\t<section class=\"wavo-column-gap-default elementor-section elementor-inner-section elementor-element elementor-element-af2db1b elementor-section-boxed elementor-section-height-default elementor-section-height-default\" data-id=\"af2db1b\" data-element_type=\"section\">\n\t\t\t\t\t\t<div class=\"elementor-container elementor-column-gap-default\">\n\t\t\t\t\t<div class=\"elementor-column elementor-col-33 elementor-inner-column elementor-element elementor-element-733480a\" data-id=\"733480a\" data-element_type=\"column\" data-settings=\"{&quot;background_background&quot;:&quot;classic&quot;}\">\n\t\t\t<div class=\"elementor-widget-wrap elementor-element-populated\">\n\t\t\t\t\t<div class=\"elementor-background-overlay\"><\/div>\n\t\t\t\t\t\t\t\t<div class=\"elementor-element elementor-element-e22fd5a elementor-widget elementor-widget-wavo-team-member\" data-id=\"e22fd5a\" data-element_type=\"widget\" data-settings=\"{&quot;_animation&quot;:&quot;none&quot;}\" data-widget_type=\"wavo-team-member.default\">\n\t\t\t\t<div class=\"elementor-widget-container\">\n\t\t\t<div class=\"team\"><div class=\"item\"><div class=\"img\"><img decoding=\"async\" class=\"thumparallax\" src=\"https:\/\/wnp-law.com\/wp-content\/uploads\/2024\/09\/Sarah_Bahnmueller.jpg\" alt=\"Sarah_Bahnmueller.jpg\"><div class=\"info\"><h6 class=\"team-name\">Sarah Bahnm\u00fcller<\/h6><p>Office Management<\/p><div class=\"social\"><a class=\"social-link\" href=\"mailto:officemanagement@wnp-law.com\" target=\"_blank\"><i aria-hidden=\"true\" class=\"fas fa-mail-bulk\"><\/i><\/a><a class=\"social-link\" href=\"https:\/\/wnp-law.com\/wp-content\/uploads\/2024\/09\/Sarah-Bahnmueller.vcf\" target=\"_blank\"><i aria-hidden=\"true\" class=\"far fa-address-card\"><\/i><\/a><\/div><\/div><\/div><\/div><\/div>\t\t<\/div>\n\t\t\t\t<\/div>\n\t\t\t\t<div class=\"elementor-element elementor-element-dbecb36 wavo-transform transform-type-translate elementor-widget elementor-widget-heading\" data-id=\"dbecb36\" data-element_type=\"widget\" data-widget_type=\"heading.default\">\n\t\t\t\t<div class=\"elementor-widget-container\">\n\t\t\t<h2 class=\"elementor-heading-title elementor-size-default\">Sarah Bahnm\u00fcller<\/h2>\t\t<\/div>\n\t\t\t\t<\/div>\n\t\t\t\t\t<\/div>\n\t\t<\/div>\n\t\t\t\t<div class=\"elementor-column elementor-col-33 elementor-inner-column elementor-element elementor-element-eafca04\" data-id=\"eafca04\" data-element_type=\"column\">\n\t\t\t<div class=\"elementor-widget-wrap elementor-element-populated\">\n\t\t\t\t\t\t\t\t<div class=\"elementor-element elementor-element-5a955af elementor-widget elementor-widget-wavo-team-member\" data-id=\"5a955af\" data-element_type=\"widget\" data-settings=\"{&quot;_animation&quot;:&quot;none&quot;}\" data-widget_type=\"wavo-team-member.default\">\n\t\t\t\t<div class=\"elementor-widget-container\">\n\t\t\t<div class=\"team\"><div class=\"item\"><div class=\"img\"><img decoding=\"async\" class=\"thumparallax\" src=\"https:\/\/wnp-law.com\/wp-content\/uploads\/2025\/09\/wnp-platzhalter2.jpg\" alt=\"wnp-platzhalter2.jpg\"><div class=\"info\"><h6 class=\"team-name\">Leonie Schmitt<\/h6><p>Office Management<\/p><div class=\"social\"><a class=\"social-link\" href=\"mailto:officemanagement@wnp-law.com\" target=\"_blank\"><i aria-hidden=\"true\" class=\"fas fa-mail-bulk\"><\/i><\/a><\/div><\/div><\/div><\/div><\/div>\t\t<\/div>\n\t\t\t\t<\/div>\n\t\t\t\t<div class=\"elementor-element elementor-element-82cd498 wavo-transform transform-type-translate elementor-widget elementor-widget-heading\" data-id=\"82cd498\" data-element_type=\"widget\" data-widget_type=\"heading.default\">\n\t\t\t\t<div class=\"elementor-widget-container\">\n\t\t\t<h2 class=\"elementor-heading-title elementor-size-default\">LEONIE SCHMITT<\/h2>\t\t<\/div>\n\t\t\t\t<\/div>\n\t\t\t\t\t<\/div>\n\t\t<\/div>\n\t\t\t\t<div class=\"elementor-column elementor-col-33 elementor-inner-column elementor-element elementor-element-6c8aa6e\" data-id=\"6c8aa6e\" data-element_type=\"column\">\n\t\t\t<div class=\"elementor-widget-wrap\">\n\t\t\t\t\t\t\t\t\t<\/div>\n\t\t<\/div>\n\t\t\t\t\t\t\t<\/div>\n\t\t<\/section>\n\t\t\t\t\t<\/div>\n\t\t<\/div>\n\t\t\t\t\t\t\t<\/div>\n\t\t<\/section>\n\t\t\t\t<div class=\"wavo-column-gap-default elementor-section elementor-top-section elementor-element elementor-element-29f393ba elementor-section-stretched elementor-section-content-middle nt-section section-padding elementor-section-height-min-height elementor-section-boxed elementor-section-height-default elementor-section-items-middle\" data-id=\"29f393ba\" data-element_type=\"section\" data-settings=\"{&quot;stretch_section&quot;:&quot;section-stretched&quot;,&quot;background_background&quot;:&quot;classic&quot;}\">\n\t\t\t\t\t\t\t<div class=\"elementor-background-overlay\"><\/div>\n\t\t\t\t\t\t\t<div class=\"elementor-container elementor-column-gap-default\">\n\t\t\t\t\t<div class=\"elementor-column elementor-col-100 elementor-top-column elementor-element elementor-element-64e380e0\" data-id=\"64e380e0\" data-element_type=\"column\">\n\t\t\t<div class=\"elementor-widget-wrap elementor-element-populated\">\n\t\t\t\t\t\t\t\t<div data-split-settings=\"{&quot;type&quot;:&quot;chars&quot;,&quot;animation&quot;:&quot;fadeInUp2&quot;}\" class=\"elementor-element elementor-element-66b7e956 wavo-stroke wavo-has-stroke-yes wavo-has-stroke-type stroke-type-part wavo-headig-split heading-has-split-yes wavo-transform transform-type-translate elementor-widget elementor-widget-heading\" data-id=\"66b7e956\" data-element_type=\"widget\" data-widget_type=\"heading.default\">\n\t\t\t\t<div class=\"elementor-widget-container\">\n\t\t\t<h2 class=\"elementor-heading-title elementor-size-default\"><b>Contact<\/b> us!<b><\/b><\/h2>\t\t<\/div>\n\t\t\t\t<\/div>\n\t\t\t\t<div class=\"elementor-element elementor-element-510ff013 elementor-widget elementor-widget-wavo-button\" data-id=\"510ff013\" data-element_type=\"widget\" data-widget_type=\"wavo-button.default\">\n\t\t\t\t<div class=\"elementor-widget-container\">\n\t\t\t<div class=\"wavo-button\"><a class=\"wavo-btn btn-curve btn-wit\" href=\"mailto:info@wnp-law.com\"><span class=\"button_text\">Email <\/span><\/a><\/div>\t\t<\/div>\n\t\t\t\t<\/div>\n\t\t\t\t\t<\/div>\n\t\t<\/div>\n\t\t\t\t\t\t\t<\/div>\n\t\t<\/div>\n\t\t\t\t\t\t\t<\/div>","protected":false},"excerpt":{"rendered":"<p>Team Dr. David Witzel Rechtsanwalt Steuerberater Fachanwalt f\u00fcr Steuerrecht Dr. David Witzel Dr. Susanne Niesse Rechtsanw\u00e4ltin Notarin Dr. Susanne Niesse Mich\u00e8le Kelsch Rechtsanw\u00e4ltin Mich\u00e8le Kelsch Donata Koch Diplom-Juristin Donata Koch Eva Schales Steuerberaterin Diplom-Betriebswirtin Eva Schales Marius B. Kempf Steuerberater Diplom-Betriebswirt (FH) Marius B. Kempf Jeanette Witzel Rechtsanw\u00e4ltin Jeanette Witzel Dr. Stefan von Holst Notar&#8230;<\/p>","protected":false},"author":1,"featured_media":0,"parent":0,"menu_order":0,"comment_status":"closed","ping_status":"closed","template":"","meta":{"footnotes":""},"class_list":{"0":"post-1912","1":"page","2":"type-page","3":"status-publish","4":"hentry","5":"nt-post-class","6":"","7":"thumb-none","9":"excerpt-none"},"_links":{"self":[{"href":"https:\/\/wnp-law.com\/en\/wp-json\/wp\/v2\/pages\/1912","targetHints":{"allow":["GET"]}}],"collection":[{"href":"https:\/\/wnp-law.com\/en\/wp-json\/wp\/v2\/pages"}],"about":[{"href":"https:\/\/wnp-law.com\/en\/wp-json\/wp\/v2\/types\/page"}],"author":[{"embeddable":true,"href":"https:\/\/wnp-law.com\/en\/wp-json\/wp\/v2\/users\/1"}],"replies":[{"embeddable":true,"href":"https:\/\/wnp-law.com\/en\/wp-json\/wp\/v2\/comments?post=1912"}],"version-history":[{"count":580,"href":"https:\/\/wnp-law.com\/en\/wp-json\/wp\/v2\/pages\/1912\/revisions"}],"predecessor-version":[{"id":12729,"href":"https:\/\/wnp-law.com\/en\/wp-json\/wp\/v2\/pages\/1912\/revisions\/12729"}],"wp:attachment":[{"href":"https:\/\/wnp-law.com\/en\/wp-json\/wp\/v2\/media?parent=1912"}],"curies":[{"name":"wp","href":"https:\/\/api.w.org\/{rel}","templated":true}]}}