{"id":10928,"date":"2024-07-23T16:18:02","date_gmt":"2024-07-23T16:18:02","guid":{"rendered":"https:\/\/wnp-law.com\/?page_id=10928"},"modified":"2024-10-10T09:51:47","modified_gmt":"2024-10-10T09:51:47","slug":"engagement","status":"publish","type":"page","link":"https:\/\/wnp-law.com\/en\/engagement\/","title":{"rendered":"Pro bono"},"content":{"rendered":"<div data-elementor-type=\"wp-page\" data-elementor-id=\"10928\" class=\"elementor elementor-10928\" data-elementor-post-type=\"page\">\n\t\t\t\t\t\t\t\t\t<div class=\"wavo-column-gap-no elementor-section elementor-top-section elementor-element elementor-element-f5f406 elementor-section-height-min-height elementor-section-content-bottom wavo-parallax jarallax parallax-yes elementor-section-full_width elementor-section-stretched wavo-vegas-overlay vegas-overlay-none elementor-section-items-bottom elementor-section-height-default\" data-vegas-settings=\"{&quot;slides&quot;:[{&quot;src&quot;:&quot;https:\/\/wnp-law.com\/wp-content\/uploads\/2024\/09\/Witzel_Niesse_Engagement-scaled.jpg&quot;}],&quot;animation&quot;:[&quot;kenburns&quot;],&quot;transition&quot;:[&quot;fade&quot;,&quot;fade2&quot;,&quot;blur&quot;],&quot;delay&quot;:4000,&quot;duration&quot;:1000,&quot;timer&quot;:&quot;&quot;,&quot;shuffle&quot;:&quot;yes&quot;,&quot;overlay&quot;:&quot;none&quot;}\" data-vegas-id=\"f5f406\" data-wavo-parallax=\"{&quot;type&quot;:&quot;scroll&quot;,&quot;speed&quot;:&quot;1&quot;,&quot;imgsize&quot;:&quot;cover&quot;,&quot;imgsrc&quot;:&quot;&quot;,&quot;mobile&quot;:&quot;&quot;}\" data-id=\"f5f406\" data-element_type=\"section\" data-settings=\"{&quot;background_background&quot;:&quot;classic&quot;,&quot;stretch_section&quot;:&quot;section-stretched&quot;}\">\n\t\t\t\t\t\t\t<div class=\"elementor-background-overlay\"><\/div>\n\t\t\t\t\t\t\t<div class=\"elementor-container elementor-column-gap-no\">\n\t\t\t\t\t<div class=\"elementor-column elementor-col-100 elementor-top-column elementor-element elementor-element-7e8fedb8\" data-id=\"7e8fedb8\" data-element_type=\"column\" data-settings=\"{&quot;background_background&quot;:&quot;classic&quot;}\">\n\t\t\t<div class=\"elementor-widget-wrap elementor-element-populated\">\n\t\t\t\t\t\t\t\t<div data-split-settings=\"{&quot;type&quot;:&quot;chars&quot;,&quot;animation&quot;:&quot;fadeInUp2&quot;}\" class=\"elementor-element elementor-element-6fb9ef81 wavo-headig-split heading-has-split-yes elementor-widget__width-initial wavo-transform transform-type-translate elementor-widget elementor-widget-heading\" data-id=\"6fb9ef81\" data-element_type=\"widget\" data-widget_type=\"heading.default\">\n\t\t\t\t<div class=\"elementor-widget-container\">\n\t\t\t<style>\/*! elementor - v3.18.0 - 20-12-2023 *\/\n.elementor-heading-title{padding:0;margin:0;line-height:1}.elementor-widget-heading .elementor-heading-title[class*=elementor-size-]>a{color:inherit;font-size:inherit;line-height:inherit}.elementor-widget-heading .elementor-heading-title.elementor-size-small{font-size:15px}.elementor-widget-heading .elementor-heading-title.elementor-size-medium{font-size:19px}.elementor-widget-heading .elementor-heading-title.elementor-size-large{font-size:29px}.elementor-widget-heading .elementor-heading-title.elementor-size-xl{font-size:39px}.elementor-widget-heading .elementor-heading-title.elementor-size-xxl{font-size:59px}<\/style><h4 class=\"elementor-heading-title elementor-size-default\">Social commitment is a matter of course for us, for the firm and for each of us privately<\/h4>\t\t<\/div>\n\t\t\t\t<\/div>\n\t\t\t\t<div class=\"elementor-element elementor-element-681e1f2c elementor-widget elementor-widget-wavo-button2\" data-id=\"681e1f2c\" data-element_type=\"widget\" data-widget_type=\"wavo-button2.default\">\n\t\t\t\t<div class=\"elementor-widget-container\">\n\t\t\t<div class=\"wavo-button\"><a href=\"#about\"><div class=\"btn-arrow\"><span><\/span><span><\/span><span><\/span><\/div><\/a><\/div>\t\t<\/div>\n\t\t\t\t<\/div>\n\t\t\t\t\t<\/div>\n\t\t<\/div>\n\t\t\t\t\t\t\t<\/div>\n\t\t<\/div>\n\t\t\t\t<div class=\"wavo-column-gap-default elementor-section elementor-top-section elementor-element elementor-element-03b9f64 elementor-section-stretched elementor-section-content-middle nt-section section-padding elementor-section-boxed elementor-section-height-default elementor-section-height-default\" data-id=\"03b9f64\" data-element_type=\"section\" data-settings=\"{&quot;stretch_section&quot;:&quot;section-stretched&quot;,&quot;background_background&quot;:&quot;classic&quot;}\">\n\t\t\t\t\t\t\t<div class=\"elementor-background-overlay\"><\/div>\n\t\t\t\t\t\t\t<div class=\"elementor-container elementor-column-gap-default\">\n\t\t\t\t\t<div class=\"elementor-column elementor-col-50 elementor-top-column elementor-element elementor-element-35dcaa9\" data-id=\"35dcaa9\" data-element_type=\"column\">\n\t\t\t<div class=\"elementor-widget-wrap elementor-element-populated\">\n\t\t\t\t\t\t\t\t<section class=\"wavo-column-gap-default elementor-section elementor-inner-section elementor-element elementor-element-9e7932e elementor-section-boxed elementor-section-height-default elementor-section-height-default\" data-id=\"9e7932e\" data-element_type=\"section\">\n\t\t\t\t\t\t<div class=\"elementor-container elementor-column-gap-default\">\n\t\t\t\t\t<div class=\"elementor-column elementor-col-50 elementor-inner-column elementor-element elementor-element-16fa6bd\" data-id=\"16fa6bd\" data-element_type=\"column\">\n\t\t\t<div class=\"elementor-widget-wrap elementor-element-populated\">\n\t\t\t\t\t\t\t\t<div data-split-settings=\"{&quot;type&quot;:&quot;chars&quot;,&quot;animation&quot;:&quot;fadeInUp2&quot;}\" class=\"elementor-element elementor-element-c5d1982 wavo-headig-split heading-has-split-yes wavo-transform transform-type-translate elementor-widget elementor-widget-heading\" data-id=\"c5d1982\" data-element_type=\"widget\" data-widget_type=\"heading.default\">\n\t\t\t\t<div class=\"elementor-widget-container\">\n\t\t\t<h4 class=\"elementor-heading-title elementor-size-default\">Pro bono<\/h4>\t\t<\/div>\n\t\t\t\t<\/div>\n\t\t\t\t\t<\/div>\n\t\t<\/div>\n\t\t\t\t<div class=\"elementor-column elementor-col-50 elementor-inner-column elementor-element elementor-element-5e10aa4\" data-id=\"5e10aa4\" data-element_type=\"column\">\n\t\t\t<div class=\"elementor-widget-wrap\">\n\t\t\t\t\t\t\t\t\t<\/div>\n\t\t<\/div>\n\t\t\t\t\t\t\t<\/div>\n\t\t<\/section>\n\t\t\t\t<div class=\"elementor-element elementor-element-f7828e8 wavo-transform transform-type-translate elementor-widget elementor-widget-heading\" data-id=\"f7828e8\" data-element_type=\"widget\" data-widget_type=\"heading.default\">\n\t\t\t\t<div class=\"elementor-widget-container\">\n\t\t\t<h4 class=\"elementor-heading-title elementor-size-default\">Social commitment is a matter of course for us, for the firm and for each of us privately.<\/h4>\t\t<\/div>\n\t\t\t\t<\/div>\n\t\t\t\t<div class=\"elementor-element elementor-element-00fa8f7 custom wavo-transform transform-type-translate elementor-widget elementor-widget-heading\" data-id=\"00fa8f7\" data-element_type=\"widget\" data-widget_type=\"heading.default\">\n\t\t\t\t<div class=\"elementor-widget-container\">\n\t\t\t<p class=\"elementor-heading-title elementor-size-default\">As a team, we advise selected organisations or projects pro bono. In addition, we support socially important organisations by taking on honorary positions. While pro bono mandates must also be treated confidentially, we can mention some of our honorary positions here:\n<ul>\n \t<li>Board member of the non-profit Union International Club E.V.<\/li>\n<li>Board member for Haus &amp; Grund Frankfurt am Main e.V.<\/li>\n<li>Support for Joblinge<\/li>\n<\/ul>\n<\/p>\t\t<\/div>\n\t\t\t\t<\/div>\n\t\t\t\t<div class=\"elementor-element elementor-element-f706b80 elementor-widget elementor-widget-spacer\" data-id=\"f706b80\" data-element_type=\"widget\" data-widget_type=\"spacer.default\">\n\t\t\t\t<div class=\"elementor-widget-container\">\n\t\t\t<style>\/*! elementor - v3.18.0 - 20-12-2023 *\/\n.elementor-column .elementor-spacer-inner{height:var(--spacer-size)}.e-con{--container-widget-width:100%}.e-con-inner>.elementor-widget-spacer,.e-con>.elementor-widget-spacer{width:var(--container-widget-width,var(--spacer-size));--align-self:var(--container-widget-align-self,initial);--flex-shrink:0}.e-con-inner>.elementor-widget-spacer>.elementor-widget-container,.e-con>.elementor-widget-spacer>.elementor-widget-container{height:100%;width:100%}.e-con-inner>.elementor-widget-spacer>.elementor-widget-container>.elementor-spacer,.e-con>.elementor-widget-spacer>.elementor-widget-container>.elementor-spacer{height:100%}.e-con-inner>.elementor-widget-spacer>.elementor-widget-container>.elementor-spacer>.elementor-spacer-inner,.e-con>.elementor-widget-spacer>.elementor-widget-container>.elementor-spacer>.elementor-spacer-inner{height:var(--container-widget-height,var(--spacer-size))}.e-con-inner>.elementor-widget-spacer.elementor-widget-empty,.e-con>.elementor-widget-spacer.elementor-widget-empty{position:relative;min-height:22px;min-width:22px}.e-con-inner>.elementor-widget-spacer.elementor-widget-empty .elementor-widget-empty-icon,.e-con>.elementor-widget-spacer.elementor-widget-empty .elementor-widget-empty-icon{position:absolute;top:0;bottom:0;left:0;right:0;margin:auto;padding:0;width:22px;height:22px}<\/style>\t\t<div class=\"elementor-spacer\">\n\t\t\t<div class=\"elementor-spacer-inner\"><\/div>\n\t\t<\/div>\n\t\t\t\t<\/div>\n\t\t\t\t<\/div>\n\t\t\t\t\t<\/div>\n\t\t<\/div>\n\t\t\t\t<div class=\"elementor-column elementor-col-50 elementor-top-column elementor-element elementor-element-0516de5\" data-id=\"0516de5\" data-element_type=\"column\">\n\t\t\t<div class=\"elementor-widget-wrap\">\n\t\t\t\t\t\t\t\t\t<\/div>\n\t\t<\/div>\n\t\t\t\t\t\t\t<\/div>\n\t\t<\/div>\n\t\t\t\t<section class=\"wavo-column-gap-no elementor-section elementor-top-section elementor-element elementor-element-2e578fe0 elementor-section-content-middle elementor-section-full_width elementor-section-height-default elementor-section-height-default\" data-id=\"2e578fe0\" data-element_type=\"section\">\n\t\t\t\t\t\t<div class=\"elementor-container elementor-column-gap-no\">\n\t\t\t\t\t<div class=\"elementor-column elementor-col-100 elementor-top-column elementor-element elementor-element-257c8c9a\" data-id=\"257c8c9a\" data-element_type=\"column\">\n\t\t\t<div class=\"elementor-widget-wrap elementor-element-populated\">\n\t\t\t\t\t\t\t\t<section class=\"wavo-column-gap-default elementor-section elementor-inner-section elementor-element elementor-element-29367f91 elementor-section-content-middle elementor-section-boxed elementor-section-height-default elementor-section-height-default\" data-id=\"29367f91\" data-element_type=\"section\">\n\t\t\t\t\t\t<div class=\"elementor-container elementor-column-gap-default\">\n\t\t\t\t\t<div class=\"elementor-column elementor-col-33 elementor-inner-column elementor-element elementor-element-2ae0d2d2\" data-id=\"2ae0d2d2\" data-element_type=\"column\">\n\t\t\t<div class=\"elementor-widget-wrap elementor-element-populated\">\n\t\t\t\t\t\t\t\t<div class=\"elementor-element elementor-element-3c78c025 elementor-cta--skin-cover elementor-cta--valign-middle elementor-bg-transform elementor-bg-transform-zoom-out elementor-animated-content elementor-widget elementor-widget-call-to-action\" data-id=\"3c78c025\" data-element_type=\"widget\" data-widget_type=\"call-to-action.default\">\n\t\t\t\t<div class=\"elementor-widget-container\">\n\t\t\t<link rel=\"stylesheet\" href=\"https:\/\/wnp-law.com\/wp-content\/plugins\/elementor-pro\/assets\/css\/widget-call-to-action.min.css\">\t\t<div class=\"elementor-cta\">\n\t\t\t\t\t<div class=\"elementor-cta__bg-wrapper\">\n\t\t\t\t<div class=\"elementor-cta__bg elementor-bg\" style=\"background-image: url();\" role=\"img\" aria-label=\"\"><\/div>\n\t\t\t\t<div class=\"elementor-cta__bg-overlay\"><\/div>\n\t\t\t<\/div>\n\t\t\t\t\t\t\t<div class=\"elementor-cta__content\">\n\t\t\t\t\t\t\t\t\t<div class=\"elementor-content-item elementor-cta__content-item elementor-cta__image elementor-animated-item--grow\">\n\t\t\t\t\t\t<img decoding=\"async\" width=\"188\" height=\"204\" src=\"https:\/\/wnp-law.com\/wp-content\/uploads\/2024\/07\/logo.png\" class=\"attachment-full size-full wp-image-10945\" alt=\"\" \/>\t\t\t\t\t<\/div>\n\t\t\t\t\n\t\t\t\t\n\t\t\t\t\n\t\t\t\t\t\t\t<\/div>\n\t\t\t\t\t\t<\/div>\n\t\t\t\t<\/div>\n\t\t\t\t<\/div>\n\t\t\t\t\t<\/div>\n\t\t<\/div>\n\t\t\t\t<div class=\"elementor-column elementor-col-33 elementor-inner-column elementor-element elementor-element-275a3fe8\" data-id=\"275a3fe8\" data-element_type=\"column\">\n\t\t\t<div class=\"elementor-widget-wrap elementor-element-populated\">\n\t\t\t\t\t\t\t\t<div class=\"elementor-element elementor-element-4c3dd845 elementor-cta--skin-cover elementor-cta--valign-middle elementor-bg-transform elementor-bg-transform-zoom-out elementor-animated-content elementor-widget elementor-widget-call-to-action\" data-id=\"4c3dd845\" data-element_type=\"widget\" data-widget_type=\"call-to-action.default\">\n\t\t\t\t<div class=\"elementor-widget-container\">\n\t\t\t\t\t<div class=\"elementor-cta\">\n\t\t\t\t\t<div class=\"elementor-cta__bg-wrapper\">\n\t\t\t\t<div class=\"elementor-cta__bg elementor-bg\" style=\"background-image: url();\" role=\"img\" aria-label=\"\"><\/div>\n\t\t\t\t<div class=\"elementor-cta__bg-overlay\"><\/div>\n\t\t\t<\/div>\n\t\t\t\t\t\t\t<div class=\"elementor-cta__content\">\n\t\t\t\t\t\t\t\t\t<div class=\"elementor-content-item elementor-cta__content-item elementor-cta__image elementor-animated-item--grow\">\n\t\t\t\t\t\t<img fetchpriority=\"high\" decoding=\"async\" width=\"1600\" height=\"1600\" src=\"https:\/\/wnp-law.com\/wp-content\/uploads\/2020\/02\/haus-und-grund-2.jpg\" class=\"attachment-full size-full wp-image-6636\" alt=\"\" srcset=\"https:\/\/wnp-law.com\/wp-content\/uploads\/2020\/02\/haus-und-grund-2.jpg 1600w, https:\/\/wnp-law.com\/wp-content\/uploads\/2020\/02\/elementor\/thumbs\/haus-und-grund-2-qgr06or7xbee7rlc3v6du963ik87t05i5t8k5zfr94.jpg 300w, https:\/\/wnp-law.com\/wp-content\/uploads\/2020\/02\/haus-und-grund-2-1024x1024.jpg 1024w, https:\/\/wnp-law.com\/wp-content\/uploads\/2020\/02\/haus-und-grund-2-150x150.jpg 150w, https:\/\/wnp-law.com\/wp-content\/uploads\/2020\/02\/haus-und-grund-2-768x768.jpg 768w, https:\/\/wnp-law.com\/wp-content\/uploads\/2020\/02\/haus-und-grund-2-1536x1536.jpg 1536w, https:\/\/wnp-law.com\/wp-content\/uploads\/2020\/02\/haus-und-grund-2-500x500.jpg 500w, https:\/\/wnp-law.com\/wp-content\/uploads\/2020\/02\/haus-und-grund-2-1000x1000.jpg 1000w, https:\/\/wnp-law.com\/wp-content\/uploads\/2020\/02\/haus-und-grund-2-750x750.jpg 750w, https:\/\/wnp-law.com\/wp-content\/uploads\/2020\/02\/elementor\/thumbs\/haus-und-grund-2-qgr06or58u28o5n4e99t6vpp8eymr52x7v56mwdv6o.jpg 80w, https:\/\/wnp-law.com\/wp-content\/uploads\/2020\/02\/elementor\/thumbs\/haus-und-grund-2-qgr06or5qdktbcwm5tma1b91ncna7ud7kkz93gkr74.jpg 120w\" sizes=\"(max-width: 1600px) 100vw, 1600px\" \/>\t\t\t\t\t<\/div>\n\t\t\t\t\n\t\t\t\t\n\t\t\t\t\n\t\t\t\t\t\t\t<\/div>\n\t\t\t\t\t\t<\/div>\n\t\t\t\t<\/div>\n\t\t\t\t<\/div>\n\t\t\t\t\t<\/div>\n\t\t<\/div>\n\t\t\t\t<div class=\"elementor-column elementor-col-33 elementor-inner-column elementor-element elementor-element-6d2c72c5\" data-id=\"6d2c72c5\" data-element_type=\"column\">\n\t\t\t<div class=\"elementor-widget-wrap elementor-element-populated\">\n\t\t\t\t\t\t\t\t<div class=\"elementor-element elementor-element-1f7cdd1a elementor-cta--skin-cover elementor-cta--valign-middle elementor-bg-transform elementor-bg-transform-zoom-out elementor-animated-content elementor-widget elementor-widget-call-to-action\" data-id=\"1f7cdd1a\" data-element_type=\"widget\" data-widget_type=\"call-to-action.default\">\n\t\t\t\t<div class=\"elementor-widget-container\">\n\t\t\t\t\t<div class=\"elementor-cta\">\n\t\t\t\t\t<div class=\"elementor-cta__bg-wrapper\">\n\t\t\t\t<div class=\"elementor-cta__bg elementor-bg\" style=\"background-image: url();\" role=\"img\" aria-label=\"\"><\/div>\n\t\t\t\t<div class=\"elementor-cta__bg-overlay\"><\/div>\n\t\t\t<\/div>\n\t\t\t\t\t\t\t<div class=\"elementor-cta__content\">\n\t\t\t\t\t\t\t\t\t<div class=\"elementor-content-item elementor-cta__content-item elementor-cta__image elementor-animated-item--grow\">\n\t\t\t\t\t\t<img decoding=\"async\" width=\"320\" height=\"40\" src=\"https:\/\/wnp-law.com\/wp-content\/uploads\/2024\/07\/JOBLINGE-LOGO.png\" class=\"attachment-full size-full wp-image-10950\" alt=\"\" srcset=\"https:\/\/wnp-law.com\/wp-content\/uploads\/2024\/07\/JOBLINGE-LOGO.png 320w, https:\/\/wnp-law.com\/wp-content\/uploads\/2024\/07\/JOBLINGE-LOGO-300x38.png 300w\" sizes=\"(max-width: 320px) 100vw, 320px\" \/>\t\t\t\t\t<\/div>\n\t\t\t\t\n\t\t\t\t\n\t\t\t\t\n\t\t\t\t\t\t\t<\/div>\n\t\t\t\t\t\t<\/div>\n\t\t\t\t<\/div>\n\t\t\t\t<\/div>\n\t\t\t\t\t<\/div>\n\t\t<\/div>\n\t\t\t\t\t\t\t<\/div>\n\t\t<\/section>\n\t\t\t\t\t<\/div>\n\t\t<\/div>\n\t\t\t\t\t\t\t<\/div>\n\t\t<\/section>\n\t\t\t\t<div class=\"wavo-column-gap-default elementor-section elementor-top-section elementor-element elementor-element-7fae04e6 elementor-section-stretched elementor-section-content-middle nt-section section-padding elementor-section-height-min-height elementor-section-boxed elementor-section-height-default elementor-section-items-middle\" data-id=\"7fae04e6\" data-element_type=\"section\" data-settings=\"{&quot;stretch_section&quot;:&quot;section-stretched&quot;,&quot;background_background&quot;:&quot;classic&quot;}\">\n\t\t\t\t\t\t\t<div class=\"elementor-background-overlay\"><\/div>\n\t\t\t\t\t\t\t<div class=\"elementor-container elementor-column-gap-default\">\n\t\t\t\t\t<div class=\"elementor-column elementor-col-100 elementor-top-column elementor-element elementor-element-35d6db18\" data-id=\"35d6db18\" data-element_type=\"column\">\n\t\t\t<div class=\"elementor-widget-wrap elementor-element-populated\">\n\t\t\t\t\t\t\t\t<div data-split-settings=\"{&quot;type&quot;:&quot;chars&quot;,&quot;animation&quot;:&quot;fadeInUp2&quot;}\" class=\"elementor-element elementor-element-14caa wavo-stroke wavo-has-stroke-yes wavo-has-stroke-type stroke-type-part wavo-headig-split heading-has-split-yes wavo-transform transform-type-translate elementor-widget elementor-widget-heading\" data-id=\"14caa\" data-element_type=\"widget\" data-widget_type=\"heading.default\">\n\t\t\t\t<div class=\"elementor-widget-container\">\n\t\t\t<h2 class=\"elementor-heading-title elementor-size-default\"><b>Contact<\/b> us!<b><\/b><\/h2>\t\t<\/div>\n\t\t\t\t<\/div>\n\t\t\t\t<div class=\"elementor-element elementor-element-7e218bcb elementor-widget elementor-widget-wavo-button\" data-id=\"7e218bcb\" data-element_type=\"widget\" data-widget_type=\"wavo-button.default\">\n\t\t\t\t<div class=\"elementor-widget-container\">\n\t\t\t<div class=\"wavo-button\"><a class=\"wavo-btn btn-curve btn-wit\" href=\"mailto:info@wnp-law.com\"><span class=\"button_text\">Email <\/span><\/a><\/div>\t\t<\/div>\n\t\t\t\t<\/div>\n\t\t\t\t\t<\/div>\n\t\t<\/div>\n\t\t\t\t\t\t\t<\/div>\n\t\t<\/div>\n\t\t\t\t\t\t\t<\/div>","protected":false},"excerpt":{"rendered":"<p>Gesellschaftliches Engagement ist f\u00fcr uns selbstverst\u00e4ndlich, f\u00fcr die Kanzlei und f\u00fcr jeden von uns privat Engagement Gesellschaftliches Engagement ist f\u00fcr uns selbstverst\u00e4ndlich, f\u00fcr die Kanzlei und f\u00fcr jeden von uns privat. Als Team beraten wir pro Bono ausgew\u00e4hlte Organisationen oder Projekte. Dar\u00fcber hinaus unterst\u00fctzen wir gesellschaftlich wichtige Organisationen durch die \u00dcbernahme von Ehren\u00e4mtern. W\u00e4hrend auch&#8230;<\/p>","protected":false},"author":2,"featured_media":0,"parent":0,"menu_order":0,"comment_status":"closed","ping_status":"closed","template":"","meta":{"footnotes":""},"class_list":{"0":"post-10928","1":"page","2":"type-page","3":"status-publish","4":"hentry","5":"nt-post-class","6":"","7":"thumb-none","9":"excerpt-none"},"_links":{"self":[{"href":"https:\/\/wnp-law.com\/en\/wp-json\/wp\/v2\/pages\/10928","targetHints":{"allow":["GET"]}}],"collection":[{"href":"https:\/\/wnp-law.com\/en\/wp-json\/wp\/v2\/pages"}],"about":[{"href":"https:\/\/wnp-law.com\/en\/wp-json\/wp\/v2\/types\/page"}],"author":[{"embeddable":true,"href":"https:\/\/wnp-law.com\/en\/wp-json\/wp\/v2\/users\/2"}],"replies":[{"embeddable":true,"href":"https:\/\/wnp-law.com\/en\/wp-json\/wp\/v2\/comments?post=10928"}],"version-history":[{"count":103,"href":"https:\/\/wnp-law.com\/en\/wp-json\/wp\/v2\/pages\/10928\/revisions"}],"predecessor-version":[{"id":12333,"href":"https:\/\/wnp-law.com\/en\/wp-json\/wp\/v2\/pages\/10928\/revisions\/12333"}],"wp:attachment":[{"href":"https:\/\/wnp-law.com\/en\/wp-json\/wp\/v2\/media?parent=10928"}],"curies":[{"name":"wp","href":"https:\/\/api.w.org\/{rel}","templated":true}]}}